{"id":3014,"date":"2020-10-31T11:58:18","date_gmt":"2020-10-31T10:58:18","guid":{"rendered":"https:\/\/enfanceetbiennaitre.fr\/?page_id=3014"},"modified":"2023-05-05T12:42:35","modified_gmt":"2023-05-05T10:42:35","slug":"qui-suis-je","status":"publish","type":"page","link":"https:\/\/enfanceetbiennaitre.fr\/index.php\/qui-suis-je\/","title":{"rendered":"Qui suis-je ?"},"content":{"rendered":"\t\t<div data-elementor-type=\"wp-page\" data-elementor-id=\"3014\" class=\"elementor elementor-3014\" data-elementor-post-type=\"page\">\n\t\t\t\t\t\t<section class=\"elementor-section elementor-top-section elementor-element elementor-element-32ba864b elementor-section-content-middle elementor-section-boxed elementor-section-height-default elementor-section-height-default\" data-id=\"32ba864b\" data-element_type=\"section\" data-e-type=\"section\" data-settings=\"{&quot;background_background&quot;:&quot;classic&quot;}\">\n\t\t\t\t\t\t<div class=\"elementor-container elementor-column-gap-no\">\n\t\t\t\t\t<div class=\"elementor-column elementor-col-50 elementor-top-column elementor-element elementor-element-49507edf\" data-id=\"49507edf\" data-element_type=\"column\" data-e-type=\"column\">\n\t\t\t<div class=\"elementor-widget-wrap elementor-element-populated\">\n\t\t\t\t\t\t<div class=\"elementor-element elementor-element-2aee3ff elementor-widget elementor-widget-spacer\" data-id=\"2aee3ff\" data-element_type=\"widget\" data-e-type=\"widget\" data-widget_type=\"spacer.default\">\n\t\t\t\t<div class=\"elementor-widget-container\">\n\t\t\t\t\t\t\t<div class=\"elementor-spacer\">\n\t\t\t<div class=\"elementor-spacer-inner\"><\/div>\n\t\t<\/div>\n\t\t\t\t\t\t<\/div>\n\t\t\t\t<\/div>\n\t\t\t\t<div class=\"elementor-element elementor-element-71b29b76 gallery-spacing-custom elementor-widget elementor-widget-image-gallery\" data-id=\"71b29b76\" data-element_type=\"widget\" data-e-type=\"widget\" data-widget_type=\"image-gallery.default\">\n\t\t\t\t<div class=\"elementor-widget-container\">\n\t\t\t\t\t\t\t<div class=\"elementor-image-gallery\">\n\t\t\t<div id='gallery-1' class='gallery galleryid-3014 gallery-columns-1 gallery-size-full'><figure class='gallery-item'>\n\t\t\t<div class='gallery-icon portrait'>\n\t\t\t\t<a data-elementor-open-lightbox=\"yes\" data-elementor-lightbox-slideshow=\"71b29b76\" data-elementor-lightbox-title=\"EEB_portrait\" data-e-action-hash=\"#elementor-action%3Aaction%3Dlightbox%26settings%3DeyJpZCI6MzA3MywidXJsIjoiaHR0cHM6XC9cL2VuZmFuY2VldGJpZW5uYWl0cmUuZnJcL3dwLWNvbnRlbnRcL3VwbG9hZHNcLzIwMjBcLzEwXC9FRUJfcG9ydHJhaXQucG5nIiwic2xpZGVzaG93IjoiNzFiMjliNzYifQ%3D%3D\" href='https:\/\/enfanceetbiennaitre.fr\/wp-content\/uploads\/2020\/10\/EEB_portrait.png'><img fetchpriority=\"high\" decoding=\"async\" width=\"250\" height=\"262\" src=\"https:\/\/enfanceetbiennaitre.fr\/wp-content\/uploads\/2020\/10\/EEB_portrait.png\" class=\"attachment-full size-full\" alt=\"Nathalie Philippon\" \/><\/a>\n\t\t\t<\/div><\/figure>\n\t\t<\/div>\n\t\t<\/div>\n\t\t\t\t\t\t<\/div>\n\t\t\t\t<\/div>\n\t\t\t\t<div class=\"elementor-element elementor-element-6c85f0a3 elementor-widget elementor-widget-heading\" data-id=\"6c85f0a3\" data-element_type=\"widget\" data-e-type=\"widget\" data-widget_type=\"heading.default\">\n\t\t\t\t<div class=\"elementor-widget-container\">\n\t\t\t\t\t<h4 class=\"elementor-heading-title elementor-size-default\">\u00c0 propos de Nathalie<\/h4>\t\t\t\t<\/div>\n\t\t\t\t<\/div>\n\t\t\t\t<div class=\"elementor-element elementor-element-4defb7d1 elementor-widget elementor-widget-text-editor\" data-id=\"4defb7d1\" data-element_type=\"widget\" data-e-type=\"widget\" data-widget_type=\"text-editor.default\">\n\t\t\t\t<div class=\"elementor-widget-container\">\n\t\t\t\t\t\t\t\t\t<div class=\"wpb_text_column wpb_content_element \"><div class=\"wpb_wrapper\"><p>Nathalie Philippon est notre principale formatrice. Forte de son exp\u00e9rience dans la parentalit\u00e9 et la petite enfance, vous serez tr\u00e8s bien accompagn\u00e9 !<\/p><\/div><\/div><div class=\"nectar-fancy-ul\" data-list-icon=\"icon-salient-thin-line\" data-animation=\"false\" data-animation-delay=\"0\" data-color=\"accent-color\" data-alignment=\"left\"><p>Voici un bref CV de Nathalie :<\/p><ul><li><p>\u00c9ducatrice de jeunes enfants \u2013 dipl\u00f4m\u00e9e d\u2019\u00e9tat depuis 1996<\/p><\/li><li><p>Directrice de Cr\u00e8che \u201cLes Amis de Lola\u201d \u2013 St Mand\u00e9 (94)<\/p><\/li><li><p>Ancienne-institutrice au sein de l\u2019\u00e9cole des Nations-Unies<\/p><\/li><li><p>Ancienne institutrice Eurecole<\/p><\/li><li><p>Cr\u00e9ation de l\u2019association au soutien \u00e0 la parentalit\u00e9 \u201cgraine de b\u00e9b\u00e9\u201d<\/p><\/li><li><p>Animatrice en atelier massage et \u00e9veil corporel pour les nouveaux rythme scolaire<\/p><\/li><li><p>Ancienne \u00e9ducatrice en milieu carc\u00e9ral \u00e0 la nursery de Fleury-merogis<\/p><\/li><li><p>Formatrice petite enfance<\/p><\/li><li><p>Formatrice en atelier d\u2019\u00e9veil\u00a0 b\u00e9b\u00e9 et enfant (sonore, artistique, moteur)<\/p><\/li><li><p>Formatrice en atelier yoga et relaxation enfant ( 8 mois \u00e0 10 ans )<\/p><\/li><li><p>Formatrice en atelier d\u2019\u00e9veil et bien-\u00eatre de l\u2019enfant dans les structures d\u2019accueil petite enfance<\/p><\/li><li><p>Animatrice en atelier massage b\u00e9b\u00e9 et enfant<\/p><\/li><li><p>Dipl\u00f4m\u00e9e Professeur de yoga pour enfant<\/p><\/li><li><p>Formation accueil des personnes handicap\u00e9es<\/p><\/li><li><p>Dipl\u00f4m\u00e9e en techniques et bien-\u00eatre Rebozo<\/p><\/li><li><p>Praticienne en soin \u00e9nerg\u00e9tique et th\u00e9rapeutique<\/p><\/li><li><p>Certifi\u00e9e \u201ctechnicien coach de vie\u201d par l\u2019\u00e9cole de Pascal Dion<\/p><\/li><li><p>Certifi\u00e9e hypnoth\u00e9rapeute<\/p><\/li><li><p>Certifi\u00e9e Formateur<\/p><\/li><li>\u00a0Certifi\u00e9e m\u00e9diatrice gestion de conflits en entreprises<\/li><\/ul><\/div>\t\t\t\t\t\t\t\t<\/div>\n\t\t\t\t<\/div>\n\t\t\t\t\t<\/div>\n\t\t<\/div>\n\t\t\t\t<div class=\"elementor-column elementor-col-50 elementor-top-column elementor-element elementor-element-661fea4e elementor-hidden-tablet\" data-id=\"661fea4e\" data-element_type=\"column\" data-e-type=\"column\">\n\t\t\t<div class=\"elementor-widget-wrap elementor-element-populated\">\n\t\t\t\t\t\t<div class=\"elementor-element elementor-element-698aff48 elementor-hidden-tablet elementor-hidden-mobile elementor-widget elementor-widget-counter\" data-id=\"698aff48\" data-element_type=\"widget\" data-e-type=\"widget\" data-widget_type=\"counter.default\">\n\t\t\t\t<div class=\"elementor-widget-container\">\n\t\t\t\t\t\t\t<div class=\"elementor-counter\">\n\t\t\t<div class=\"elementor-counter-title\">Heures de formations donn\u00e9es<\/div>\t\t\t<div class=\"elementor-counter-number-wrapper\">\n\t\t\t\t<span class=\"elementor-counter-number-prefix\"><\/span>\n\t\t\t\t<span class=\"elementor-counter-number\" data-duration=\"2000\" data-to-value=\"3822\" data-from-value=\"0\" data-delimiter=\",\">0<\/span>\n\t\t\t\t<span class=\"elementor-counter-number-suffix\"><\/span>\n\t\t\t<\/div>\n\t\t<\/div>\n\t\t\t\t\t\t<\/div>\n\t\t\t\t<\/div>\n\t\t\t\t<div class=\"elementor-element elementor-element-3366ce33 elementor-hidden-tablet elementor-hidden-mobile elementor-widget elementor-widget-counter\" data-id=\"3366ce33\" data-element_type=\"widget\" data-e-type=\"widget\" data-widget_type=\"counter.default\">\n\t\t\t\t<div class=\"elementor-widget-container\">\n\t\t\t\t\t\t\t<div class=\"elementor-counter\">\n\t\t\t<div class=\"elementor-counter-title\">Stagiaires form\u00e9s<\/div>\t\t\t<div class=\"elementor-counter-number-wrapper\">\n\t\t\t\t<span class=\"elementor-counter-number-prefix\"><\/span>\n\t\t\t\t<span class=\"elementor-counter-number\" data-duration=\"2000\" data-to-value=\"2000\" data-from-value=\"0\" data-delimiter=\",\">0<\/span>\n\t\t\t\t<span class=\"elementor-counter-number-suffix\"><\/span>\n\t\t\t<\/div>\n\t\t<\/div>\n\t\t\t\t\t\t<\/div>\n\t\t\t\t<\/div>\n\t\t\t\t<div class=\"elementor-element elementor-element-164b7cee elementor-hidden-tablet elementor-hidden-mobile elementor-widget elementor-widget-counter\" data-id=\"164b7cee\" data-element_type=\"widget\" data-e-type=\"widget\" data-widget_type=\"counter.default\">\n\t\t\t\t<div class=\"elementor-widget-container\">\n\t\t\t\t\t\t\t<div class=\"elementor-counter\">\n\t\t\t<div class=\"elementor-counter-title\">De taux de r\u00e9ussite<\/div>\t\t\t<div class=\"elementor-counter-number-wrapper\">\n\t\t\t\t<span class=\"elementor-counter-number-prefix\"><\/span>\n\t\t\t\t<span class=\"elementor-counter-number\" data-duration=\"2000\" data-to-value=\"100\" data-from-value=\"0\" data-delimiter=\",\">0<\/span>\n\t\t\t\t<span class=\"elementor-counter-number-suffix\">%<\/span>\n\t\t\t<\/div>\n\t\t<\/div>\n\t\t\t\t\t\t<\/div>\n\t\t\t\t<\/div>\n\t\t\t\t<div class=\"elementor-element elementor-element-b60ded3 elementor-hidden-tablet elementor-hidden-mobile elementor-widget elementor-widget-counter\" data-id=\"b60ded3\" data-element_type=\"widget\" data-e-type=\"widget\" data-widget_type=\"counter.default\">\n\t\t\t\t<div class=\"elementor-widget-container\">\n\t\t\t\t\t\t\t<div class=\"elementor-counter\">\n\t\t\t<div class=\"elementor-counter-title\">Satisfait<\/div>\t\t\t<div class=\"elementor-counter-number-wrapper\">\n\t\t\t\t<span class=\"elementor-counter-number-prefix\"><\/span>\n\t\t\t\t<span class=\"elementor-counter-number\" data-duration=\"2000\" data-to-value=\"100\" data-from-value=\"0\" data-delimiter=\",\">0<\/span>\n\t\t\t\t<span class=\"elementor-counter-number-suffix\">%<\/span>\n\t\t\t<\/div>\n\t\t<\/div>\n\t\t\t\t\t\t<\/div>\n\t\t\t\t<\/div>\n\t\t\t\t\t<\/div>\n\t\t<\/div>\n\t\t\t\t\t<\/div>\n\t\t<\/section>\n\t\t\t\t<\/div>\n\t\t","protected":false},"excerpt":{"rendered":"<p>\u00c0 propos de Nathalie Nathalie Philippon est notre principale formatrice. Forte de son exp\u00e9rience dans la parentalit\u00e9 et la petite enfance, vous serez tr\u00e8s bien accompagn\u00e9 ! Voici un bref CV de Nathalie : \u00c9ducatrice de jeunes enfants \u2013 dipl\u00f4m\u00e9e d\u2019\u00e9tat depuis 1996 Directrice de Cr\u00e8che \u201cLes Amis de Lola\u201d \u2013 St Mand\u00e9 (94) Ancienne-institutrice [&hellip;]<\/p>\n","protected":false},"author":1,"featured_media":0,"parent":0,"menu_order":0,"comment_status":"closed","ping_status":"closed","template":"","meta":{"footnotes":""},"class_list":["post-3014","page","type-page","status-publish","hentry"],"_links":{"self":[{"href":"https:\/\/enfanceetbiennaitre.fr\/index.php\/wp-json\/wp\/v2\/pages\/3014","targetHints":{"allow":["GET"]}}],"collection":[{"href":"https:\/\/enfanceetbiennaitre.fr\/index.php\/wp-json\/wp\/v2\/pages"}],"about":[{"href":"https:\/\/enfanceetbiennaitre.fr\/index.php\/wp-json\/wp\/v2\/types\/page"}],"author":[{"embeddable":true,"href":"https:\/\/enfanceetbiennaitre.fr\/index.php\/wp-json\/wp\/v2\/users\/1"}],"replies":[{"embeddable":true,"href":"https:\/\/enfanceetbiennaitre.fr\/index.php\/wp-json\/wp\/v2\/comments?post=3014"}],"version-history":[{"count":68,"href":"https:\/\/enfanceetbiennaitre.fr\/index.php\/wp-json\/wp\/v2\/pages\/3014\/revisions"}],"predecessor-version":[{"id":6016,"href":"https:\/\/enfanceetbiennaitre.fr\/index.php\/wp-json\/wp\/v2\/pages\/3014\/revisions\/6016"}],"wp:attachment":[{"href":"https:\/\/enfanceetbiennaitre.fr\/index.php\/wp-json\/wp\/v2\/media?parent=3014"}],"curies":[{"name":"wp","href":"https:\/\/api.w.org\/{rel}","templated":true}]}}