{"id":3018,"date":"2020-10-31T12:00:11","date_gmt":"2020-10-31T11:00:11","guid":{"rendered":"https:\/\/enfanceetbiennaitre.fr\/?page_id=3018"},"modified":"2023-05-05T12:13:12","modified_gmt":"2023-05-05T10:13:12","slug":"eveil-et-bien-etre-enfant","status":"publish","type":"page","link":"https:\/\/enfanceetbiennaitre.fr\/index.php\/eveil-et-bien-etre-enfant\/","title":{"rendered":"\u00c9veil et bien-\u00eatre Enfant"},"content":{"rendered":"\t\t<div data-elementor-type=\"wp-page\" data-elementor-id=\"3018\" class=\"elementor elementor-3018\" data-elementor-post-type=\"page\">\n\t\t\t\t\t\t<section class=\"elementor-section elementor-top-section elementor-element elementor-element-626a6f65 elementor-section-boxed elementor-section-height-default elementor-section-height-default\" data-id=\"626a6f65\" data-element_type=\"section\" data-e-type=\"section\" data-settings=\"{&quot;background_background&quot;:&quot;gradient&quot;}\">\n\t\t\t\t\t\t<div class=\"elementor-container elementor-column-gap-default\">\n\t\t\t\t\t<div class=\"elementor-column elementor-col-100 elementor-top-column elementor-element elementor-element-5cf688f8\" data-id=\"5cf688f8\" data-element_type=\"column\" data-e-type=\"column\">\n\t\t\t<div class=\"elementor-widget-wrap elementor-element-populated\">\n\t\t\t\t\t\t<div class=\"elementor-element elementor-element-9dfd217 elementor-widget elementor-widget-spacer\" data-id=\"9dfd217\" data-element_type=\"widget\" data-e-type=\"widget\" data-widget_type=\"spacer.default\">\n\t\t\t\t<div class=\"elementor-widget-container\">\n\t\t\t\t\t\t\t<div class=\"elementor-spacer\">\n\t\t\t<div class=\"elementor-spacer-inner\"><\/div>\n\t\t<\/div>\n\t\t\t\t\t\t<\/div>\n\t\t\t\t<\/div>\n\t\t\t\t<div class=\"elementor-element elementor-element-58350bf7 elementor-widget elementor-widget-heading\" data-id=\"58350bf7\" data-element_type=\"widget\" data-e-type=\"widget\" data-widget_type=\"heading.default\">\n\t\t\t\t<div class=\"elementor-widget-container\">\n\t\t\t\t\t<h2 class=\"elementor-heading-title elementor-size-default\">\u00c9veil et bien-\u00eatre B\u00e9b\u00e9 et Enfant <\/h2>\t\t\t\t<\/div>\n\t\t\t\t<\/div>\n\t\t\t\t<div class=\"elementor-element elementor-element-f55ae77 elementor-hidden-desktop elementor-hidden-tablet elementor-hidden-phone elementor-widget elementor-widget-text-editor\" data-id=\"f55ae77\" data-element_type=\"widget\" data-e-type=\"widget\" data-widget_type=\"text-editor.default\">\n\t\t\t\t<div class=\"elementor-widget-container\">\n\t\t\t\t\t\t\t\t\t<p>Les ateliers \u00c9veil et bien-\u00eatre Enfant &amp; Massage enfant vous permettront de transmettre un protocole de massage aux parents et enfants<\/p>\t\t\t\t\t\t\t\t<\/div>\n\t\t\t\t<\/div>\n\t\t\t\t\t<\/div>\n\t\t<\/div>\n\t\t\t\t\t<\/div>\n\t\t<\/section>\n\t\t\t\t<section class=\"elementor-section elementor-top-section elementor-element elementor-element-267aa5a elementor-section-boxed elementor-section-height-default elementor-section-height-default\" data-id=\"267aa5a\" data-element_type=\"section\" data-e-type=\"section\">\n\t\t\t\t\t\t<div class=\"elementor-container elementor-column-gap-default\">\n\t\t\t\t\t<div class=\"elementor-column elementor-col-100 elementor-top-column elementor-element elementor-element-a2b3f78\" data-id=\"a2b3f78\" data-element_type=\"column\" data-e-type=\"column\">\n\t\t\t<div class=\"elementor-widget-wrap elementor-element-populated\">\n\t\t\t\t\t\t<div class=\"elementor-element elementor-element-29203f5 elementor-hidden-desktop elementor-hidden-tablet elementor-hidden-phone elementor-widget elementor-widget-text-editor\" data-id=\"29203f5\" data-element_type=\"widget\" data-e-type=\"widget\" data-widget_type=\"text-editor.default\">\n\t\t\t\t<div class=\"elementor-widget-container\">\n\t\t\t\t\t\t\t\t\t<p>Rejoignez nous sur <a href=\"https:\/\/www.facebook.com\/pg\/enfanceetbiennaitre\/\">Facebook.<\/a><\/p>\t\t\t\t\t\t\t\t<\/div>\n\t\t\t\t<\/div>\n\t\t\t\t<div class=\"elementor-element elementor-element-3a5881c elementor-tabs-view-horizontal elementor-widget elementor-widget-tabs\" data-id=\"3a5881c\" data-element_type=\"widget\" data-e-type=\"widget\" data-widget_type=\"tabs.default\">\n\t\t\t\t<div class=\"elementor-widget-container\">\n\t\t\t\t\t\t\t<div class=\"elementor-tabs\">\n\t\t\t<div class=\"elementor-tabs-wrapper\" role=\"tablist\" >\n\t\t\t\t\t\t\t\t\t<div id=\"elementor-tab-title-6111\" class=\"elementor-tab-title elementor-tab-desktop-title\" aria-selected=\"true\" data-tab=\"1\" role=\"tab\" tabindex=\"0\" aria-controls=\"elementor-tab-content-6111\" aria-expanded=\"false\">\u00c0 qui s'adresse cette formation ?<\/div>\n\t\t\t\t\t\t\t\t\t<div id=\"elementor-tab-title-6112\" class=\"elementor-tab-title elementor-tab-desktop-title\" aria-selected=\"false\" data-tab=\"2\" role=\"tab\" tabindex=\"-1\" aria-controls=\"elementor-tab-content-6112\" aria-expanded=\"false\">Programme de formation<\/div>\n\t\t\t\t\t\t\t\t\t<div id=\"elementor-tab-title-6113\" class=\"elementor-tab-title elementor-tab-desktop-title\" aria-selected=\"false\" data-tab=\"3\" role=\"tab\" tabindex=\"-1\" aria-controls=\"elementor-tab-content-6113\" aria-expanded=\"false\">Infos pratiques et compl\u00e9mentaires<\/div>\n\t\t\t\t\t\t\t\t\t<div id=\"elementor-tab-title-6114\" class=\"elementor-tab-title elementor-tab-desktop-title\" aria-selected=\"false\" data-tab=\"4\" role=\"tab\" tabindex=\"-1\" aria-controls=\"elementor-tab-content-6114\" aria-expanded=\"false\">Tarifs<\/div>\n\t\t\t\t\t\t\t\t\t<div id=\"elementor-tab-title-6115\" class=\"elementor-tab-title elementor-tab-desktop-title\" aria-selected=\"false\" data-tab=\"5\" role=\"tab\" tabindex=\"-1\" aria-controls=\"elementor-tab-content-6115\" aria-expanded=\"false\">Formulaire<\/div>\n\t\t\t\t\t\t\t<\/div>\n\t\t\t<div class=\"elementor-tabs-content-wrapper\" role=\"tablist\" aria-orientation=\"vertical\">\n\t\t\t\t\t\t\t\t\t<div class=\"elementor-tab-title elementor-tab-mobile-title\" aria-selected=\"true\" data-tab=\"1\" role=\"tab\" tabindex=\"0\" aria-controls=\"elementor-tab-content-6111\" aria-expanded=\"false\">\u00c0 qui s'adresse cette formation ?<\/div>\n\t\t\t\t\t<div id=\"elementor-tab-content-6111\" class=\"elementor-tab-content elementor-clearfix\" data-tab=\"1\" role=\"tabpanel\" aria-labelledby=\"elementor-tab-title-6111\" tabindex=\"0\" hidden=\"false\"><ul><li>Les ateliers de massage bien-\u00eatre pour l\u2019enfant vous permettront de transmettre un protocole de massage aux parents et enfants (massage non-th\u00e9rapeutique), de mani\u00e8re ludique et p\u00e9dagogique.<br \/>En ayant comme support une petite histoire que vous pourrez raconter afin de contribuer \u00e0 l\u2019\u00e9veil intellectuel, moteur et affectif de l\u2019enfant, vous permettant d\u2019accompagner les gestes de massage.<\/li><li>Vous apprendrez \u00e9galement un protocole d\u2019auto-massage autour de jeux d\u2019\u00e9veil sensoriels et de comptines.<\/li><li>Vous aborderez \u00e9galement de nombreux th\u00e8mes li\u00e9s \u00e0 l\u2019enfant de 10 mois \u00e0 7 ans, afin de mieux saisir l\u2019importance de ce protocole et les bienfaits pour dans la vie des enfants et des parents dans leur quotidien.<\/li><li>L\u2019auto-massage peut \u00e9galement s\u2019inscrire dans toutes le collectivit\u00e9s petite enfance et s\u2019inclure dans un projet \u00e9ducatif sur l\u2019autonomie, le d\u00e9veloppement moteur et l\u2019\u00e9veil des sens et \u00e0 \u201csoi\u201d.<\/li><li>Le massage et auto-massage sont des outils concrets que l\u2019on peut proposer aux enfants afin d\u2019apprendre \u00e0 mieux se connaitre, optimiser son potentiel moteur, c\u2019est \u00e9galement un outil pr\u00e9cieux permettant une profonde d\u00e9tente, relaxation tout en \u00e9tant acteur!<\/li><\/ul><p>\u00a0<\/p><h5>Mais aussi :<\/h5><ul><li>Les s\u00e9ances d\u2019auto-massage, de massage et de relaxation feront parties d\u2019un item englobant un ensemble de techniques dont l\u2019objectif sera d\u2019accompagner l\u2019enfant et le parent dans le d\u00e9veloppement global de l\u2019enfant :<\/li><li>La place du corps chez le petit enfant est pr\u00e9pond\u00e9rante.<\/li><li>En effet, c\u2019est \u00e0 travers son corps qu\u2019il exprime ses \u00e9motions, entre en relation avec les autres, d\u00e9couvre son environnement.<\/li><li>Le langage venant bien apr\u00e8s dans son d\u00e9veloppement, l\u2019enfant ressent et per\u00e7oit le monde ext\u00e9rieur \u00e0 travers son corps.<\/li><li>C\u2019est pourquoi il est important de l\u2019accompagner par le biais de jeux et de s\u00e9ance d\u2019\u00e9veil dans des \u00ab\u00a0ressentis positifs\u00a0\u00bb ce qui va lui permettre d\u2019appr\u00e9hender le monde de fa\u00e7on harmonieuse \u00a0et ainsi vivre des exp\u00e9riences positives lui permettant de \u00ab\u00a0grandir en toute s\u00e9r\u00e9nit\u00e9 et confiance\u00a0\u00bb<\/li><li>Le langage viendra compl\u00e9menter ces fonctions du corps mais son apprentissage prenant du temps, le corps reste le principal m\u00e9diateur du jeune enfant, d\u2019o\u00f9 l\u2019importance de vivre des exp\u00e9riences positives afin d\u2019assurer une mise en confiance \u00ab\u00a0\u00eatre bien dans son corps\u00a0\u00bb<\/li><li>Auto-massage et massage prennent tout leur sens puisqu\u2019ils concernent tout ce qui touche au corps : la motricit\u00e9, la sensorialit\u00e9, l\u2019expression et la communication corporelle, la connaissance du corps\u2026<\/li><li>Le d\u00e9veloppement psychomoteur comprend des stades que tous les enfants franchissent dans le m\u00eame ordre chronologique, mais \u00e0 un rythme variable et tr\u00e8s en lien avec leur d\u00e9veloppement psycho-affectif.<\/li><li>Des activit\u00e9s ludiques et adapt\u00e9es, toujours respectueuses du niveau de maturation de chacun permettent \u00e0 chaque enfant de s\u2019exercer et d\u2019\u00e9voluer selon son propre rythme.<\/li><\/ul><\/div>\n\t\t\t\t\t\t\t\t\t<div class=\"elementor-tab-title elementor-tab-mobile-title\" aria-selected=\"false\" data-tab=\"2\" role=\"tab\" tabindex=\"-1\" aria-controls=\"elementor-tab-content-6112\" aria-expanded=\"false\">Programme de formation<\/div>\n\t\t\t\t\t<div id=\"elementor-tab-content-6112\" class=\"elementor-tab-content elementor-clearfix\" data-tab=\"2\" role=\"tabpanel\" aria-labelledby=\"elementor-tab-title-6112\" tabindex=\"0\" hidden=\"hidden\"><h4>PROGRAMME PDF \u00c0 T\u00c9L\u00c9CHARGER <a href=\"https:\/\/enfanceetbiennaitre.fr\/wp-content\/uploads\/2021\/11\/Programme-massage-bb-et-enfant-2021.pdf\" target=\"_blank\" rel=\"noopener\">ICI<\/a><\/h4><h4>Public vis\u00e9 par cette formation : Tout public.<\/h4><ul><li>Aucun pr\u00e9-requis pour cette formation\u00a0<\/li><\/ul><ul><li>Choisir le moment adapt\u00e9 au massage du plus grand<\/li><li>Jeux sensoriels autour du massage<\/li><li>Relaxation et massage<\/li><li>Sophro-ludique<\/li><li>Protocole massage et auto massage<\/li><li>L\u2019importance des rituels pour les enfants<\/li><li>Mise en place du rituel<\/li><li>L\u2019importance du massage chez le plus grand<\/li><li>Fabrication d\u2019un beurre v\u00e9g\u00e9tal<\/li><li>La communication avec le plus grand<\/li><li>Le d\u00e9veloppement psychoaffectif de l\u2019enfant de 9 mois \u00e0 7 ans<\/li><li>Apprentissage des mouvements de massage adapt\u00e9s au plus grand<\/li><li>Les peurs enfantines<\/li><li>P\u00e9dagogie et jeu autour du massage<\/li><li>Auto \u2013massage pour les plus grands ( 2 ans\/8 ans)<\/li><li>Les comptines adapt\u00e9es aux massages<\/li><li>Outils p\u00e9dagogiques pour l\u2019animation des ateliers<\/li><li>Jeu autour du massage<\/li><li>Utilisation des outils dans les ateliers.<\/li><li>Mise en place d\u2019atelier des ateliers<\/li><li>\u00c9volution des ateliers<\/li><li>Adapter et inclure les ateliers au sein de votre collectivit\u00e9 et projet p\u00e9dagogique<\/li><\/ul><p>Date de derni\u00e8re mise \u00e0 jour : 08\/11\/2021<\/p><\/div>\n\t\t\t\t\t\t\t\t\t<div class=\"elementor-tab-title elementor-tab-mobile-title\" aria-selected=\"false\" data-tab=\"3\" role=\"tab\" tabindex=\"-1\" aria-controls=\"elementor-tab-content-6113\" aria-expanded=\"false\">Infos pratiques et compl\u00e9mentaires<\/div>\n\t\t\t\t\t<div id=\"elementor-tab-content-6113\" class=\"elementor-tab-content elementor-clearfix\" data-tab=\"3\" role=\"tabpanel\" aria-labelledby=\"elementor-tab-title-6113\" tabindex=\"0\" hidden=\"hidden\"><p><strong>R\u00c8GLEMENT INT\u00c9RIEUR \u00c0 T\u00c9L\u00c9CHARGER <a href=\"https:\/\/enfanceetbiennaitre.fr\/wp-content\/uploads\/2021\/11\/REGLEMENT-INTERIEUR-enfance-e-t-bien-naitre-rectif-2021.pdf\" target=\"_blank\" rel=\"noopener\">ICI<\/a><\/strong><\/p><p><strong><u>INFORMATIONS PRATIQUES ET COMPLEMENTAIRES<\/u><\/strong><\/p><p><strong>Modalit\u00e9 et accessibilit\u00e9\u00a0: demande par mail via le site internet ou bien par le biais de la fiche de pr\u00e9inscription, par la suite un contrat de r\u00e9servation vous sera envoy\u00e9 ainsi que la convocation.<\/strong><\/p><p><strong>Des sessions sont r\u00e9guli\u00e8rement propos\u00e9es en fonction de la demande et par planning session propos\u00e9 une fois toutes les deux semaines, et pendant les vacances scolaires et week-end<\/strong><\/p><p><u>\u00a0<\/u><\/p><p><u>Dur\u00e9e de chaque module de formation<\/u>\u00a0:<\/p><p>2 jours soit 12 h de formation<\/p><p>Nouvelle session accessible toutes deux semaines ou en fonction de la demande possibilit\u00e9 d\u2019ouverture, de sessions sont aussi ouvertes les vacances scolaires et week-end<\/p><p><u>Horaire de la formation\u00a0<\/u>:<\/p><p>9h15 &#8211; 16h15 durant les 2 jours. Pause d&rsquo;1h pour le d\u00e9jeuner (restaurants, boulangeries, possibilit\u00e9s de pique-nique dans les espaces verts situ\u00e9s \u00e0 cote du centre de formation)<\/p><p>Vous pouvez aussi manger sur place four microonde et frigidaire \u00e0 disposition<\/p><p><u>Lieu de formation\u00a0 <\/u><\/p><p>Dans nos locaux situ\u00e9s au<\/p><p><strong>5 all\u00e9e des lauriers 77250 moret loing et orvanne<\/strong><\/p><p>Dans vos locaux (sur devis)\u00a0<\/p><p>\u200b<\/p><p><u>Nombre de participants :<\/u>\u00a0<\/p><p>Pour un meilleur accompagnement de votre projet et des mouvements de massage, nous avons choisi d\u2019accueillir 5 participants maximum par session.<\/p><p>\u200b<\/p><p><u>Public concern\u00e9<\/u>\u00a0:<\/p><p>Tout public, les formations que nous proposons concernent aussi bien les professionnels de la petite enfance, de la sant\u00e9, du bien-\u00eatre, ou des personnes en reconversion professionnelle.<\/p><p><u>Certification\u00a0<\/u>:<\/p><p>Apr\u00e8s validation de vos comp\u00e9tences par la validation d\u2019un qcm \u00e0 remplir \u00e0 chaque fin de formation, nous vous remettrons un certificat en fonction de votre formation qui vous permettra de pouvoir exercer \u00e0 titre professionnel.<\/p><p>La pratique est \u00e9valu\u00e9e tout au long de la formation<\/p><p>\u200b<\/p><p><u>Accessibilit\u00e9 aux personnes handicap\u00e9es<\/u> :<\/p><ul><li>Support p\u00e9dagogique envoy\u00e9 en pdf<\/li><li>Accueil de la personne accompagnante<\/li><li>Possibilit\u00e9 d\u2019enregistrer la formation en audio et \/ou vid\u00e9o<\/li><li>Possibilit\u00e9 de revenir r\u00e9viser sur les modules de formations sans demande de participation financi\u00e8re (accessible \u00e7 tous les stagiaires)<\/li><li>Adaptation des outils, ou moyen mat\u00e9riels, logistique si probl\u00e8mes \u00e9voqu\u00e9s lors de l\u2019inscription<\/li><\/ul><p>\u00a0<\/p><p><strong>INFOS PRATIQUES\u00a0TRANSPORT<\/strong><\/p><p><strong>\u00a0<\/strong><\/p><p><strong>Gare \u00e0 proximit\u00e9\u00a0:<\/strong><\/p><p><strong>\u00a0<\/strong><\/p><p>GARE DE VENEUX LES SABLONS\/ MORET<\/p><p>Prendre le TER au niveau des grandes lignes \u00e0 gare de Lyon\u00a0 direction\u00a0: montargis, laroche migenne, montereau<\/p><p>Trajet\u00a0: environ 45 mn.<\/p><p>Arr\u00eat\u00a0: gare de moret\/veneux les sablons<\/p><p>Prendre ensuite le 207 direction Villemer descendre \u00e0 la station carrefour cateline.<\/p><p>Le centre se trouve \u00e0 deux minutes \u00e0 pied<\/p><p>Si probl\u00e8me de bus, je viendrai vous chercher \u00e0 la gare de moret<\/p><p><strong>ITINERAIRE EN VOITURE DE PARIS<\/strong><\/p><p><a href=\"https:\/\/www.google.com\/maps\/place\/ENFANCE+ET+BIEN-NAITRE\/@48.3559828,2.8217405,15z\/data=!4m5!3m4!1s0x0:0x6a1c20380a9ef1d8!8m2!3d48.3560439!4d2.8217116\" target=\"_blank\" rel=\"noopener\"><strong>https:\/\/www.google.com\/maps\/place\/ENFANCE+ET+BIEN-NAITRE\/@48.3559828,2.8217405,15z\/data=!4m5!3m4!1s0x0:0x6a1c20380a9ef1d8!8m2!3d48.3560439!4d2.8217116<\/strong><\/a><\/p><p><strong>\u00a0<\/strong><\/p><p>Stationnement\u00a0: pas de parking priv\u00e9 , mais facilit\u00e9 de se garer \u00e0 deux pas du centre de formation proximit\u00e9 (rue du port, ou rue de l\u2019aulnaie)<\/p><p><strong>\u00a0<\/strong><\/p><p><strong>\u00a0<\/strong><\/p><p><strong>ACCUEIL SPECIFIQUE\u00a0 <\/strong><\/p><p><strong>\u00a0<\/strong><\/p><p>Accessibilit\u00e9 au public porteur de handicap<\/p><p>Possibilit\u00e9 de suive la formation via skype en visio<\/p><p>Possibilit\u00e9 d\u2019enregistre la formation soit en audio ou visio<\/p><p>Possibilit\u00e9 de venir avec un accompagnateur<\/p><p>Envoie des supports p\u00e9dagogiques en pdf par mail<\/p><p><strong>\u00a0<\/strong><\/p><p><strong>INFOS PRATIQUES\u00a0HEBERGEMENT ET RESTAURATION\u00a0:<\/strong><\/p><p><strong>\u00a0<\/strong><\/p><p><strong>\u00a0<\/strong><\/p><p>A environ 3 km du centre de formation.<\/p><p><strong>Maison d\u2019h\u00f4tes de caract\u00e8res \u00ab\u00a0La b\u00e9landre\u00a0\u00bb\u00a0:<\/strong><\/p><p>Renseignements et r\u00e9servation\u00a0: 01.60.70.42.41 ou 06.76.58.14.22<\/p><p>Moret sur loing<\/p><p>A environ 5 km du centre de formation.<\/p><p><strong>Chambre d\u2019h\u00f4tes bed and breakfast\u00a0:<\/strong><\/p><p>3, rue grande 77250 Moret sur loing<\/p><p>Renseignements au 06.86.55.94.65 ou 09.54.37.28.27<\/p><p><a href=\"http:\/\/www.chambres-hotes-fontainebleau-moret-sur-loing.fr\">www.chambres-hotes-fontainebleau-moret-sur-loing.fr<\/a><\/p><p><strong>IBIS fontainebleau\u00a0: <\/strong>18 Rue de Ferrare, 77300 Fontainebleau<\/p><p><strong>\u00a0<\/strong><\/p><p><strong>Pour les airbnb , vous pouvez cibler votre recherche sur moret loing et orvanne ou episy<\/strong><\/p><p><strong>\u00a0<\/strong><\/p><p><strong><u>Restauration\u00a05 moins de 5 km du centre :<\/u><\/strong><\/p><p><strong><u>\u00a0<\/u><\/strong><\/p><p><strong>Les stagiaires peuvent manger sur place un four microonde et frigidaire sont mis \u00e0 disposition<\/strong><\/p><p><strong>\u00a0<\/strong><\/p><p><strong>Boulangerie \u00e0 moins de 2 km du centre<\/strong><\/p><p><strong>\u00a0<\/strong><\/p><p><strong>Carrefour market\u00a0: \u00a011 Rue de l&rsquo;Orvanne, 77250 Moret-Loing-et-Orvanne<\/strong><\/p><p><strong>\u00a0<\/strong><\/p><p><strong>Kiosque \u00e0 pizza\u00a0: Rue Simone Michel-L\u00e9vy, 77250 Ecuelles<\/strong><\/p><p><strong>\u00a0<\/strong><\/p><p><strong>Mac Donald\u00a0: P\u00f4le Economique des Renardi\u00e8res, 77250 Moret-Loing-et-Orvanne<\/strong><\/p><p><strong>\u00a0<\/strong><\/p><p><strong>Sushi zen\u00a0:51 Rue Grande, 77250 Moret-Loing-et-Orvanne<\/strong><\/p><p><strong>\u00a0<\/strong><\/p><p><strong>La poterne\u00a0: \u00a01 Rue du Pont, 77250 Moret-sur-Loing<\/strong><\/p><p><strong>\u00a0<\/strong><\/p><\/div>\n\t\t\t\t\t\t\t\t\t<div class=\"elementor-tab-title elementor-tab-mobile-title\" aria-selected=\"false\" data-tab=\"4\" role=\"tab\" tabindex=\"-1\" aria-controls=\"elementor-tab-content-6114\" aria-expanded=\"false\">Tarifs<\/div>\n\t\t\t\t\t<div id=\"elementor-tab-content-6114\" class=\"elementor-tab-content elementor-clearfix\" data-tab=\"4\" role=\"tabpanel\" aria-labelledby=\"elementor-tab-title-6114\" tabindex=\"0\" hidden=\"hidden\"><ul><li>Tarif prise en charge personnelle: 400 euros avec facilit\u00e9 de paiement<\/li><li>Tarif prise en charge professionnelle, p\u00f4le emploi:\u00a0 550 euros<\/li><li>Le Tarif de groupe ou pour les collectivit\u00e9s: Uniquement sur devis<\/li><\/ul><\/div>\n\t\t\t\t\t\t\t\t\t<div class=\"elementor-tab-title elementor-tab-mobile-title\" aria-selected=\"false\" data-tab=\"5\" role=\"tab\" tabindex=\"-1\" aria-controls=\"elementor-tab-content-6115\" aria-expanded=\"false\">Formulaire<\/div>\n\t\t\t\t\t<div id=\"elementor-tab-content-6115\" class=\"elementor-tab-content elementor-clearfix\" data-tab=\"5\" role=\"tabpanel\" aria-labelledby=\"elementor-tab-title-6115\" tabindex=\"0\" hidden=\"hidden\"><p>Formulaire \u00e0 t\u00e9l\u00e9charger pour inscription \u00e0 la formation :<\/p><p>Cliquez <a href=\"https:\/\/enfanceetbiennaitre.fr\/wp-content\/uploads\/2022\/01\/Fiche-de-renseignement-pre\u0301-inscription-2022.pdf\" target=\"_blank\" rel=\"noopener\">ici<\/a><\/p><\/div>\n\t\t\t\t\t\t\t<\/div>\n\t\t<\/div>\n\t\t\t\t\t\t<\/div>\n\t\t\t\t<\/div>\n\t\t\t\t\t<\/div>\n\t\t<\/div>\n\t\t\t\t\t<\/div>\n\t\t<\/section>\n\t\t\t\t<\/div>\n\t\t","protected":false},"excerpt":{"rendered":"<p>\u00c9veil et bien-\u00eatre B\u00e9b\u00e9 et Enfant Les ateliers \u00c9veil et bien-\u00eatre Enfant &amp; Massage enfant vous permettront de transmettre un protocole de massage aux parents et enfants Rejoignez nous sur Facebook. \u00c0 qui s&rsquo;adresse cette formation ? Programme de formation Infos pratiques et compl\u00e9mentaires Tarifs Formulaire \u00c0 qui s&rsquo;adresse cette formation ? Les ateliers de [&hellip;]<\/p>\n","protected":false},"author":1,"featured_media":0,"parent":0,"menu_order":0,"comment_status":"closed","ping_status":"closed","template":"","meta":{"footnotes":""},"class_list":["post-3018","page","type-page","status-publish","hentry"],"_links":{"self":[{"href":"https:\/\/enfanceetbiennaitre.fr\/index.php\/wp-json\/wp\/v2\/pages\/3018","targetHints":{"allow":["GET"]}}],"collection":[{"href":"https:\/\/enfanceetbiennaitre.fr\/index.php\/wp-json\/wp\/v2\/pages"}],"about":[{"href":"https:\/\/enfanceetbiennaitre.fr\/index.php\/wp-json\/wp\/v2\/types\/page"}],"author":[{"embeddable":true,"href":"https:\/\/enfanceetbiennaitre.fr\/index.php\/wp-json\/wp\/v2\/users\/1"}],"replies":[{"embeddable":true,"href":"https:\/\/enfanceetbiennaitre.fr\/index.php\/wp-json\/wp\/v2\/comments?post=3018"}],"version-history":[{"count":108,"href":"https:\/\/enfanceetbiennaitre.fr\/index.php\/wp-json\/wp\/v2\/pages\/3018\/revisions"}],"predecessor-version":[{"id":5983,"href":"https:\/\/enfanceetbiennaitre.fr\/index.php\/wp-json\/wp\/v2\/pages\/3018\/revisions\/5983"}],"wp:attachment":[{"href":"https:\/\/enfanceetbiennaitre.fr\/index.php\/wp-json\/wp\/v2\/media?parent=3018"}],"curies":[{"name":"wp","href":"https:\/\/api.w.org\/{rel}","templated":true}]}}