{"id":3020,"date":"2020-10-31T12:00:45","date_gmt":"2020-10-31T11:00:45","guid":{"rendered":"https:\/\/enfanceetbiennaitre.fr\/?page_id=3020"},"modified":"2023-05-05T12:01:34","modified_gmt":"2023-05-05T10:01:34","slug":"eveil-bebe-et-enfant","status":"publish","type":"page","link":"https:\/\/enfanceetbiennaitre.fr\/index.php\/eveil-bebe-et-enfant\/","title":{"rendered":"\u00c9veil B\u00e9b\u00e9 et Enfant"},"content":{"rendered":"\t\t<div data-elementor-type=\"wp-page\" data-elementor-id=\"3020\" class=\"elementor elementor-3020\" data-elementor-post-type=\"page\">\n\t\t\t\t\t\t<section class=\"elementor-section elementor-top-section elementor-element elementor-element-13d30e84 elementor-section-boxed elementor-section-height-default elementor-section-height-default\" data-id=\"13d30e84\" data-element_type=\"section\" data-e-type=\"section\" data-settings=\"{&quot;background_background&quot;:&quot;gradient&quot;}\">\n\t\t\t\t\t\t<div class=\"elementor-container elementor-column-gap-default\">\n\t\t\t\t\t<div class=\"elementor-column elementor-col-100 elementor-top-column elementor-element elementor-element-466d56b2\" data-id=\"466d56b2\" data-element_type=\"column\" data-e-type=\"column\">\n\t\t\t<div class=\"elementor-widget-wrap elementor-element-populated\">\n\t\t\t\t\t\t<div class=\"elementor-element elementor-element-13866c68 elementor-widget elementor-widget-spacer\" data-id=\"13866c68\" data-element_type=\"widget\" data-e-type=\"widget\" data-widget_type=\"spacer.default\">\n\t\t\t\t<div class=\"elementor-widget-container\">\n\t\t\t\t\t\t\t<div class=\"elementor-spacer\">\n\t\t\t<div class=\"elementor-spacer-inner\"><\/div>\n\t\t<\/div>\n\t\t\t\t\t\t<\/div>\n\t\t\t\t<\/div>\n\t\t\t\t<div class=\"elementor-element elementor-element-430e3e5b elementor-widget elementor-widget-heading\" data-id=\"430e3e5b\" data-element_type=\"widget\" data-e-type=\"widget\" data-widget_type=\"heading.default\">\n\t\t\t\t<div class=\"elementor-widget-container\">\n\t\t\t\t\t<h2 class=\"elementor-heading-title elementor-size-default\">\u00c9veil b\u00e9b\u00e9\net  Enfant<\/h2>\t\t\t\t<\/div>\n\t\t\t\t<\/div>\n\t\t\t\t<div class=\"elementor-element elementor-element-c1e3ab0 elementor-hidden-desktop elementor-hidden-tablet elementor-hidden-phone elementor-widget elementor-widget-text-editor\" data-id=\"c1e3ab0\" data-element_type=\"widget\" data-e-type=\"widget\" data-widget_type=\"text-editor.default\">\n\t\t\t\t<div class=\"elementor-widget-container\">\n\t\t\t\t\t\t\t\t\t<p>Notre formation \u00ab animatrice en atelier d\u2019\u00e9veil b\u00e9b\u00e9 et enfant \u00bb permet l\u2019animation d\u2019ateliers\u00a0 artistique , sonore et moteur pour le b\u00e9b\u00e9 et l\u2019enfant de 5 mois \u00e0 4 ans<\/p>\t\t\t\t\t\t\t\t<\/div>\n\t\t\t\t<\/div>\n\t\t\t\t\t<\/div>\n\t\t<\/div>\n\t\t\t\t\t<\/div>\n\t\t<\/section>\n\t\t\t\t<section class=\"elementor-section elementor-top-section elementor-element elementor-element-92ed2d1 elementor-section-boxed elementor-section-height-default elementor-section-height-default\" data-id=\"92ed2d1\" data-element_type=\"section\" data-e-type=\"section\">\n\t\t\t\t\t\t<div class=\"elementor-container elementor-column-gap-default\">\n\t\t\t\t\t<div class=\"elementor-column elementor-col-100 elementor-top-column elementor-element elementor-element-dac4cba\" data-id=\"dac4cba\" data-element_type=\"column\" data-e-type=\"column\">\n\t\t\t<div class=\"elementor-widget-wrap elementor-element-populated\">\n\t\t\t\t\t\t<div class=\"elementor-element elementor-element-2848450 elementor-hidden-desktop elementor-hidden-tablet elementor-hidden-phone elementor-widget elementor-widget-heading\" data-id=\"2848450\" data-element_type=\"widget\" data-e-type=\"widget\" data-widget_type=\"heading.default\">\n\t\t\t\t<div class=\"elementor-widget-container\">\n\t\t\t\t\t<h2 class=\"elementor-heading-title elementor-size-default\">\u00e9veil b\u00e9b\u00e9 et enfant<\/h2>\t\t\t\t<\/div>\n\t\t\t\t<\/div>\n\t\t\t\t\t<\/div>\n\t\t<\/div>\n\t\t\t\t\t<\/div>\n\t\t<\/section>\n\t\t\t\t<section class=\"elementor-section elementor-top-section elementor-element elementor-element-c1f3de8 elementor-section-boxed elementor-section-height-default elementor-section-height-default\" data-id=\"c1f3de8\" data-element_type=\"section\" data-e-type=\"section\">\n\t\t\t\t\t\t<div class=\"elementor-container elementor-column-gap-default\">\n\t\t\t\t\t<div class=\"elementor-column elementor-col-100 elementor-top-column elementor-element elementor-element-bc90c10\" data-id=\"bc90c10\" data-element_type=\"column\" data-e-type=\"column\">\n\t\t\t<div class=\"elementor-widget-wrap elementor-element-populated\">\n\t\t\t\t\t\t<div class=\"elementor-element elementor-element-36097a9 elementor-hidden-desktop elementor-hidden-tablet elementor-hidden-phone elementor-widget elementor-widget-text-editor\" data-id=\"36097a9\" data-element_type=\"widget\" data-e-type=\"widget\" data-widget_type=\"text-editor.default\">\n\t\t\t\t<div class=\"elementor-widget-container\">\n\t\t\t\t\t\t\t\t\t<p>Rejoignez nous sur <a href=\"https:\/\/www.facebook.com\/pg\/enfanceetbiennaitre\/\">Facebook.<\/a><\/p>\t\t\t\t\t\t\t\t<\/div>\n\t\t\t\t<\/div>\n\t\t\t\t<div class=\"elementor-element elementor-element-92f6006 elementor-tabs-view-horizontal elementor-widget elementor-widget-tabs\" data-id=\"92f6006\" data-element_type=\"widget\" data-e-type=\"widget\" data-widget_type=\"tabs.default\">\n\t\t\t\t<div class=\"elementor-widget-container\">\n\t\t\t\t\t\t\t<div class=\"elementor-tabs\">\n\t\t\t<div class=\"elementor-tabs-wrapper\" role=\"tablist\" >\n\t\t\t\t\t\t\t\t\t<div id=\"elementor-tab-title-1541\" class=\"elementor-tab-title elementor-tab-desktop-title\" aria-selected=\"true\" data-tab=\"1\" role=\"tab\" tabindex=\"0\" aria-controls=\"elementor-tab-content-1541\" aria-expanded=\"false\">\u00c0 qui s'adresse cette formation ?<\/div>\n\t\t\t\t\t\t\t\t\t<div id=\"elementor-tab-title-1542\" class=\"elementor-tab-title elementor-tab-desktop-title\" aria-selected=\"false\" data-tab=\"2\" role=\"tab\" tabindex=\"-1\" aria-controls=\"elementor-tab-content-1542\" aria-expanded=\"false\">Programme de formation<\/div>\n\t\t\t\t\t\t\t\t\t<div id=\"elementor-tab-title-1543\" class=\"elementor-tab-title elementor-tab-desktop-title\" aria-selected=\"false\" data-tab=\"3\" role=\"tab\" tabindex=\"-1\" aria-controls=\"elementor-tab-content-1543\" aria-expanded=\"false\">Infos pratiques et compl\u00e9mentaires<\/div>\n\t\t\t\t\t\t\t\t\t<div id=\"elementor-tab-title-1544\" class=\"elementor-tab-title elementor-tab-desktop-title\" aria-selected=\"false\" data-tab=\"4\" role=\"tab\" tabindex=\"-1\" aria-controls=\"elementor-tab-content-1544\" aria-expanded=\"false\">Tarifs<\/div>\n\t\t\t\t\t\t\t\t\t<div id=\"elementor-tab-title-1545\" class=\"elementor-tab-title elementor-tab-desktop-title\" aria-selected=\"false\" data-tab=\"5\" role=\"tab\" tabindex=\"-1\" aria-controls=\"elementor-tab-content-1545\" aria-expanded=\"false\">Formulaire<\/div>\n\t\t\t\t\t\t\t<\/div>\n\t\t\t<div class=\"elementor-tabs-content-wrapper\" role=\"tablist\" aria-orientation=\"vertical\">\n\t\t\t\t\t\t\t\t\t<div class=\"elementor-tab-title elementor-tab-mobile-title\" aria-selected=\"true\" data-tab=\"1\" role=\"tab\" tabindex=\"0\" aria-controls=\"elementor-tab-content-1541\" aria-expanded=\"false\">\u00c0 qui s'adresse cette formation ?<\/div>\n\t\t\t\t\t<div id=\"elementor-tab-content-1541\" class=\"elementor-tab-content elementor-clearfix\" data-tab=\"1\" role=\"tabpanel\" aria-labelledby=\"elementor-tab-title-1541\" tabindex=\"0\" hidden=\"false\"><h5>\u201cJouer : c\u2019est grandir, apprendre et exp\u00e9rimenter le monde qui m\u2019environne.\u201d<\/h5><h5>Jouer, c\u2019est S\u00c9RIEUX !<\/h5><ul><li style=\"list-style-type: none;\"><ul><li>Notre formation d&rsquo;animatrice en atelier d\u2019\u00e9veil b\u00e9b\u00e9 et enfant permet l\u2019animation d\u2019ateliers\u00a0 artistiques, sonores et moteurs pour le b\u00e9b\u00e9 et l\u2019enfant de 5 mois \u00e0 4 ans.<\/li><li>Cette formation permettra \u00e0 l\u2019animatrice d\u2019animer diff\u00e9rents ateliers parents et enfants, afin de contribuer et de participer \u00e0 l\u2019\u00e9panouissement moteur et intellectuel des enfants. Elle familiarisera l\u2019enfant \u00e0 un large panel d\u2019outils et de supports, afin de les pr\u00e9parer en douceur \u00e0 l\u2019entr\u00e9e \u00e0 l\u2019\u00e9cole maternelle.<\/li><li>L\u2019animatrice, en atelier d\u2019\u00e9veil, contribue \u00e0 l\u2019\u00e9panouissement et au bien \u00eatre de l\u2019enfant et de ses parents par le biais d\u2019ateliers artistiques, moteurs et sonores.<\/li><li>Les ateliers permettent d\u2019enrichir le quotidien des parents mais aussi des professionnels qui souhaitent \u00e9largir leur champ d\u2019action.<\/li><li>Les ateliers d\u2019\u00e9veil chez l\u2019enfant \u00a0leur permettront de mieux appr\u00e9hender leur capacit\u00e9s sensorielles, de r\u00e9pondre \u00e0 leur besoin vital de jouer, exp\u00e9rimenter et manipuler.<\/li><li>Maria Montessori disait que l\u2019enfant avait une joie naturelle pour apprendre !<\/li><li>La formation s\u2019appuie et s\u2019inspire dans la cr\u00e9ation des jeux sur diff\u00e9rents grands p\u00e9dagogues. On trouve Maria Montessori, Decroly, Steiner et Freinet.<\/li><li>Cette formation a pour but de sensibiliser les animatrices de la richesse et de l\u2019importance de ces ateliers pour accompagner au mieux les parents et leurs enfants dans leur d\u00e9veloppement. Tout ceci se fait en respectant leur rythme, leurs capacit\u00e9s intellectuelles et motrices tout en contribuant \u00e0 d\u00e9velopper les diff\u00e9rentes formes d\u2019intelligence de l\u2019enfant.\u00a0\u00a0\u00a0<\/li><\/ul><\/li><\/ul><\/div>\n\t\t\t\t\t\t\t\t\t<div class=\"elementor-tab-title elementor-tab-mobile-title\" aria-selected=\"false\" data-tab=\"2\" role=\"tab\" tabindex=\"-1\" aria-controls=\"elementor-tab-content-1542\" aria-expanded=\"false\">Programme de formation<\/div>\n\t\t\t\t\t<div id=\"elementor-tab-content-1542\" class=\"elementor-tab-content elementor-clearfix\" data-tab=\"2\" role=\"tabpanel\" aria-labelledby=\"elementor-tab-title-1542\" tabindex=\"0\" hidden=\"hidden\"><h5>PROGRAMME PDF \u00c0 T\u00c9L\u00c9CHARGER <a href=\"https:\/\/enfanceetbiennaitre.fr\/wp-content\/uploads\/2021\/11\/progarmme-eveil-be\u0301be\u0301-et-enfant-QUALIOPI.pdf\" target=\"_blank\" rel=\"noopener\">ICI<\/a><\/h5><h4>\u00a0<\/h4><ul><li><h5>Public vis\u00e9 par cette formation : Tout public.<\/h5><\/li><li><p>Aucun pr\u00e9-requis pour cette formation\u00a0<\/p><\/li><li><p>Le participant devra \u00eatre capable, \u00e0 l\u2019issue de sa formation, d\u2019animer, aupr\u00e8s des parents, un atelier d\u2019\u00e9veil pour b\u00e9b\u00e9 et enfant. Mais aussi de ma\u00eetriser les diff\u00e9rents outils et supports p\u00e9dagogiques pour l\u2019animation d\u2019atelier d\u2019\u00e9veil pour b\u00e9b\u00e9. Ainsi que de ma\u00eetriser les th\u00e8mes li\u00e9s au d\u00e9veloppement de b\u00e9b\u00e9 et de l\u2019enfant dans son int\u00e9gralit\u00e9.<\/p><\/li><li><p>La construction du \u00ab\u00a0Je\u00a0\u00bb par le \u00ab\u00a0Jeu\u00a0\u00bb. L\u2019importance du jeu dans la vie et le d\u00e9veloppement global de l\u2019enfant.<\/p><\/li><li>Cr\u00e9er ses propres mati\u00e8res.<\/li><li>Cr\u00e9ation de jeux p\u00e9dagogiques et ludiques adapt\u00e9s aux jeunes enfants.<\/li><li>Le d\u00e9veloppement intellectuel et moteur de l\u2019enfant. Comment adapter les activit\u00e9s.<\/li><li>Cr\u00e9ation de jeux et de jouets pour b\u00e9b\u00e9 et enfant de 5 mois \u00e0 9 ans.<\/li><li>\u00c9volution du mat\u00e9riel en fonction des \u00e2ges des enfants.<\/li><li>Cr\u00e9ation de mati\u00e8re naturelle p\u00e9dagogique et ludique.<\/li><li>La mise en pratique de l\u2019atelier.<\/li><li>Cr\u00e9er sa fiche technique et p\u00e9dagogique.<\/li><li>Le rythme de l\u2019enfant.<\/li><\/ul><h5>\u00a0<\/h5><h5>Mais aussi :<\/h5><ul><li>Le d\u00e9veloppement psychomoteur et psychoaffectif de l\u2019enfant selon son \u00e2ge.<\/li><li>Mise en place d\u2019un parcours moteur et son int\u00e9r\u00eat dans le d\u00e9veloppement moteur.<\/li><li>L\u2019intelligence de la main de Maria Montessori.<\/li><li>Fabrication de support p\u00e9dagogique adapt\u00e9 \u00e0 l\u2019\u00e9veil du b\u00e9b\u00e9 et de l\u2019enfant.<\/li><li>Mise en pratique des ateliers moteurs, artistiques et musicaux, en fonction du d\u00e9veloppement de l\u2019enfant.<\/li><li>L\u2019\u00e9veil sonore. La musique chez le tout petit.<\/li><li>Les ateliers avec les parents.<\/li><li>La mise en pratique s\u2019effectuera autour de la pr\u00e9paration des ateliers et de la cr\u00e9ation artistique.<\/li><li>Fabrication artistique de 8 mois \u00e0 10 ans.<\/li><li>Comment int\u00e9grer des \u00e9l\u00e9ments naturels et de r\u00e9cup\u00e9ration pour les ateliers artistiques.<\/li><li>Cr\u00e9ation de fiches techniques et p\u00e9dagogiques selon les \u00e2ges et le d\u00e9veloppement de l\u2019enfant pendant une s\u00e9ance d\u2019\u00e9veil artistique.<\/li><li>Utilisation de ces fiches techniques et p\u00e9dagogiques durant les ateliers.<\/li><li>Le choix de l\u2019instrument selon l\u2019\u00e2ge et le d\u00e9veloppement de l\u2019enfant.<\/li><li>Comment mettre en place un atelier musical.<\/li><li>Cr\u00e9ation de fiches techniques et p\u00e9dagogiques selon l\u2019\u00e2ge et le d\u00e9veloppement de l\u2019enfant pendant s\u00e9ance d\u2019\u00e9veil sonore.<\/li><li>Utilisation de ces fiches techniques et p\u00e9dagogiques durant les ateliers.<\/li><li>Mise en place et cr\u00e9ation de parcours moteur selon un espace d\u00e9fini pour b\u00e9b\u00e9 et enfant.<\/li><li><p>\u00c9veil moteur et mouvement de yoga pour b\u00e9b\u00e9.<\/p><\/li><li>Comment cr\u00e9er un parcours moteur avec les meubles et objets du quotidien.<\/li><li>Comment lier musique et parcours moteur, son int\u00e9r\u00eat.<\/li><li>Cr\u00e9ation de fiches techniques et p\u00e9dagogiques selon les \u00e2ges et le d\u00e9veloppement de l\u2019enfant d\u2019une s\u00e9ance d\u2019\u00e9veil moteur.<\/li><li>Utilisation de ces fiches techniques et p\u00e9dagogiques durant les ateliers.<\/li><\/ul><p>Date de derni\u00e8re mise \u00e0 jour : 08\/11\/2021<\/p><\/div>\n\t\t\t\t\t\t\t\t\t<div class=\"elementor-tab-title elementor-tab-mobile-title\" aria-selected=\"false\" data-tab=\"3\" role=\"tab\" tabindex=\"-1\" aria-controls=\"elementor-tab-content-1543\" aria-expanded=\"false\">Infos pratiques et compl\u00e9mentaires<\/div>\n\t\t\t\t\t<div id=\"elementor-tab-content-1543\" class=\"elementor-tab-content elementor-clearfix\" data-tab=\"3\" role=\"tabpanel\" aria-labelledby=\"elementor-tab-title-1543\" tabindex=\"0\" hidden=\"hidden\"><p><strong>R\u00c8GLEMENT INT\u00c9RIEUR \u00c0 T\u00c9L\u00c9CHARGER <a href=\"https:\/\/enfanceetbiennaitre.fr\/wp-content\/uploads\/2021\/11\/REGLEMENT-INTERIEUR-enfance-e-t-bien-naitre-rectif-2021.pdf\" target=\"_blank\" rel=\"noopener\">ICI<\/a><\/strong><\/p><p><strong><u>INFORMATIONS PRATIQUES ET COMPLEMENTAIRES<\/u><\/strong><\/p><p><strong>Modalit\u00e9 et accessibilit\u00e9\u00a0: demande par mail via le site internet ou bien par le biais de la fiche de pr\u00e9inscription, par la suite un contrat de r\u00e9servation vous sera envoy\u00e9 ainsi que la convocation.<\/strong><\/p><p><strong>Des sessions sont r\u00e9guli\u00e8rement propos\u00e9es en fonction de la demande et par planning session propos\u00e9 une fois toutes les deux semaines, et pendant les vacances scolaires et week-end<\/strong><\/p><p><u>\u00a0<\/u><\/p><p><u>Dur\u00e9e de chaque module de formation<\/u>\u00a0:<\/p><p>2 jours soit 12 h de formation<\/p><p>Nouvelle session accessible toutes deux semaines ou en fonction de la demande possibilit\u00e9 d\u2019ouverture, de sessions sont aussi ouvertes les vacances scolaires et week-end<\/p><p><u>Horaire de la formation\u00a0<\/u>:<\/p><p>9h15 &#8211; 16h15 durant les 2 jours. Pause d&rsquo;1h pour le d\u00e9jeuner (restaurants, boulangeries, possibilit\u00e9s de pique-nique dans les espaces verts situ\u00e9s \u00e0 cote du centre de formation)<\/p><p>Vous pouvez aussi manger sur place four microonde et frigidaire \u00e0 disposition<\/p><p><u>Lieu de formation\u00a0 <\/u><\/p><p>Dans nos locaux situ\u00e9s au<\/p><p><strong>5 all\u00e9e des lauriers 77250 moret loing et orvanne<\/strong><\/p><p>Dans vos locaux (sur devis)\u00a0<\/p><p>\u200b<\/p><p><u>Nombre de participants :<\/u>\u00a0<\/p><p>Pour un meilleur accompagnement de votre projet et des mouvements de massage, nous avons choisi d\u2019accueillir 5 participants maximum par session.<\/p><p>\u200b<\/p><p><u>Public concern\u00e9<\/u>\u00a0:<\/p><p>Tout public, les formations que nous proposons concernent aussi bien les professionnels de la petite enfance, de la sant\u00e9, du bien-\u00eatre, ou des personnes en reconversion professionnelle.<\/p><p><u>Certification\u00a0<\/u>:<\/p><p>Apr\u00e8s validation de vos comp\u00e9tences par la validation d\u2019un qcm \u00e0 remplir \u00e0 chaque fin de formation, nous vous remettrons un certificat en fonction de votre formation qui vous permettra de pouvoir exercer \u00e0 titre professionnel.<\/p><p>La pratique est \u00e9valu\u00e9e tout au long de la formation<\/p><p>\u200b<\/p><p><u>Accessibilit\u00e9 aux personnes handicap\u00e9es<\/u> :<\/p><ul><li>Support p\u00e9dagogique envoy\u00e9 en pdf<\/li><li>Accueil de la personne accompagnante<\/li><li>Possibilit\u00e9 d\u2019enregistrer la formation en audio et \/ou vid\u00e9o<\/li><li>Possibilit\u00e9 de revenir r\u00e9viser sur les modules de formations sans demande de participation financi\u00e8re (accessible \u00e7 tous les stagiaires)<\/li><li>Adaptation des outils, ou moyen mat\u00e9riels, logistique si probl\u00e8mes \u00e9voqu\u00e9s lors de l\u2019inscription<\/li><\/ul><p>\u00a0<\/p><p><strong>INFOS PRATIQUES\u00a0TRANSPORT<\/strong><\/p><p><strong>\u00a0<\/strong><\/p><p><strong>Gare \u00e0 proximit\u00e9\u00a0:<\/strong><\/p><p><strong>\u00a0<\/strong><\/p><p>GARE DE VENEUX LES SABLONS\/ MORET<\/p><p>Prendre le TER au niveau des grandes lignes \u00e0 gare de Lyon\u00a0 direction\u00a0: montargis, laroche migenne, montereau<\/p><p>Trajet\u00a0: environ 45 mn.<\/p><p>Arr\u00eat\u00a0: gare de moret\/veneux les sablons<\/p><p>Prendre ensuite le 207 direction Villemer descendre \u00e0 la station carrefour cateline.<\/p><p>Le centre se trouve \u00e0 deux minutes \u00e0 pied<\/p><p>Si probl\u00e8me de bus, je viendrai vous chercher \u00e0 la gare de moret<\/p><p><strong>ITINERAIRE EN VOITURE DE PARIS<\/strong><\/p><p><a href=\"https:\/\/www.google.com\/maps\/place\/ENFANCE+ET+BIEN-NAITRE\/@48.3559828,2.8217405,15z\/data=!4m5!3m4!1s0x0:0x6a1c20380a9ef1d8!8m2!3d48.3560439!4d2.8217116\" target=\"_blank\" rel=\"noopener\"><strong>https:\/\/www.google.com\/maps\/place\/ENFANCE+ET+BIEN-NAITRE\/@48.3559828,2.8217405,15z\/data=!4m5!3m4!1s0x0:0x6a1c20380a9ef1d8!8m2!3d48.3560439!4d2.8217116<\/strong><\/a><\/p><p><strong>\u00a0<\/strong><\/p><p>Stationnement\u00a0: pas de parking priv\u00e9 , mais facilit\u00e9 de se garer \u00e0 deux pas du centre de formation proximit\u00e9 (rue du port, ou rue de l\u2019aulnaie)<\/p><p><strong>\u00a0<\/strong><\/p><p><strong>\u00a0<\/strong><\/p><p><strong>ACCUEIL SPECIFIQUE\u00a0 <\/strong><\/p><p><strong>\u00a0<\/strong><\/p><p>Accessibilit\u00e9 au public porteur de handicap<\/p><p>Possibilit\u00e9 de suive la formation via skype en visio<\/p><p>Possibilit\u00e9 d\u2019enregistre la formation soit en audio ou visio<\/p><p>Possibilit\u00e9 de venir avec un accompagnateur<\/p><p>Envoie des supports p\u00e9dagogiques en pdf par mail<\/p><p><strong>\u00a0<\/strong><\/p><p><strong>INFOS PRATIQUES\u00a0HEBERGEMENT ET RESTAURATION\u00a0:<\/strong><\/p><p><strong>\u00a0<\/strong><\/p><p><strong>\u00a0<\/strong><\/p><p>A environ 3 km du centre de formation.<\/p><p><strong>Maison d\u2019h\u00f4tes de caract\u00e8res \u00ab\u00a0La b\u00e9landre\u00a0\u00bb\u00a0:<\/strong><\/p><p>Renseignements et r\u00e9servation\u00a0: 01.60.70.42.41 ou 06.76.58.14.22<\/p><p>Moret sur loing<\/p><p>A environ 5 km du centre de formation.<\/p><p><strong>Chambre d\u2019h\u00f4tes bed and breakfast\u00a0:<\/strong><\/p><p>3, rue grande 77250 Moret sur loing<\/p><p>Renseignements au 06.86.55.94.65 ou 09.54.37.28.27<\/p><p><a href=\"http:\/\/www.chambres-hotes-fontainebleau-moret-sur-loing.fr\">www.chambres-hotes-fontainebleau-moret-sur-loing.fr<\/a><\/p><p><strong>IBIS fontainebleau\u00a0: <\/strong>18 Rue de Ferrare, 77300 Fontainebleau<\/p><p><strong>\u00a0<\/strong><\/p><p><strong>Pour les airbnb , vous pouvez cibler votre recherche sur moret loing et orvanne ou episy<\/strong><\/p><p><strong>\u00a0<\/strong><\/p><p><strong><u>Restauration\u00a05 moins de 5 km du centre :<\/u><\/strong><\/p><p><strong><u>\u00a0<\/u><\/strong><\/p><p><strong>Les stagiaires peuvent manger sur place un four microonde et frigidaire sont mis \u00e0 disposition<\/strong><\/p><p><strong>\u00a0<\/strong><\/p><p><strong>Boulangerie \u00e0 moins de 2 km du centre<\/strong><\/p><p><strong>\u00a0<\/strong><\/p><p><strong>Carrefour market\u00a0: \u00a011 Rue de l&rsquo;Orvanne, 77250 Moret-Loing-et-Orvanne<\/strong><\/p><p><strong>\u00a0<\/strong><\/p><p><strong>Kiosque \u00e0 pizza\u00a0: Rue Simone Michel-L\u00e9vy, 77250 Ecuelles<\/strong><\/p><p><strong>\u00a0<\/strong><\/p><p><strong>Mac Donald\u00a0: P\u00f4le Economique des Renardi\u00e8res, 77250 Moret-Loing-et-Orvanne<\/strong><\/p><p><strong>\u00a0<\/strong><\/p><p><strong>Sushi zen\u00a0:51 Rue Grande, 77250 Moret-Loing-et-Orvanne<\/strong><\/p><p><strong>\u00a0<\/strong><\/p><p><strong>La poterne\u00a0: \u00a01 Rue du Pont, 77250 Moret-sur-Loing<\/strong><\/p><p><strong>\u00a0<\/strong><\/p><\/div>\n\t\t\t\t\t\t\t\t\t<div class=\"elementor-tab-title elementor-tab-mobile-title\" aria-selected=\"false\" data-tab=\"4\" role=\"tab\" tabindex=\"-1\" aria-controls=\"elementor-tab-content-1544\" aria-expanded=\"false\">Tarifs<\/div>\n\t\t\t\t\t<div id=\"elementor-tab-content-1544\" class=\"elementor-tab-content elementor-clearfix\" data-tab=\"4\" role=\"tabpanel\" aria-labelledby=\"elementor-tab-title-1544\" tabindex=\"0\" hidden=\"hidden\"><ul>\n<li>Tarif prise en charge personnelle: 400 euros avec facilit\u00e9 de paiement<\/li>\n<li>Tarif prise en charge professionnelle, p\u00f4le emploi:&nbsp; 550 euros<\/li>\n<li>Le Tarif de groupe ou pour les collectivit\u00e9s: Uniquement sur devis<\/li>\n<\/ul><\/div>\n\t\t\t\t\t\t\t\t\t<div class=\"elementor-tab-title elementor-tab-mobile-title\" aria-selected=\"false\" data-tab=\"5\" role=\"tab\" tabindex=\"-1\" aria-controls=\"elementor-tab-content-1545\" aria-expanded=\"false\">Formulaire<\/div>\n\t\t\t\t\t<div id=\"elementor-tab-content-1545\" class=\"elementor-tab-content elementor-clearfix\" data-tab=\"5\" role=\"tabpanel\" aria-labelledby=\"elementor-tab-title-1545\" tabindex=\"0\" hidden=\"hidden\"><p>Formulaire \u00e0 t\u00e9l\u00e9charger pour inscription \u00e0 la formation :<\/p><p>Cliquez <a href=\"https:\/\/enfanceetbiennaitre.fr\/wp-content\/uploads\/2022\/01\/Fiche-de-renseignement-pre\u0301-inscription-2022.pdf\" target=\"_blank\" rel=\"noopener\">ici<\/a><\/p><\/div>\n\t\t\t\t\t\t\t<\/div>\n\t\t<\/div>\n\t\t\t\t\t\t<\/div>\n\t\t\t\t<\/div>\n\t\t\t\t\t<\/div>\n\t\t<\/div>\n\t\t\t\t\t<\/div>\n\t\t<\/section>\n\t\t\t\t<\/div>\n\t\t","protected":false},"excerpt":{"rendered":"<p>\u00c9veil b\u00e9b\u00e9 et Enfant Notre formation \u00ab animatrice en atelier d\u2019\u00e9veil b\u00e9b\u00e9 et enfant \u00bb permet l\u2019animation d\u2019ateliers\u00a0 artistique , sonore et moteur pour le b\u00e9b\u00e9 et l\u2019enfant de 5 mois \u00e0 4 ans \u00e9veil b\u00e9b\u00e9 et enfant Rejoignez nous sur Facebook. \u00c0 qui s&rsquo;adresse cette formation ? Programme de formation Infos pratiques et compl\u00e9mentaires [&hellip;]<\/p>\n","protected":false},"author":1,"featured_media":0,"parent":0,"menu_order":0,"comment_status":"closed","ping_status":"closed","template":"","meta":{"footnotes":""},"class_list":["post-3020","page","type-page","status-publish","hentry"],"_links":{"self":[{"href":"https:\/\/enfanceetbiennaitre.fr\/index.php\/wp-json\/wp\/v2\/pages\/3020","targetHints":{"allow":["GET"]}}],"collection":[{"href":"https:\/\/enfanceetbiennaitre.fr\/index.php\/wp-json\/wp\/v2\/pages"}],"about":[{"href":"https:\/\/enfanceetbiennaitre.fr\/index.php\/wp-json\/wp\/v2\/types\/page"}],"author":[{"embeddable":true,"href":"https:\/\/enfanceetbiennaitre.fr\/index.php\/wp-json\/wp\/v2\/users\/1"}],"replies":[{"embeddable":true,"href":"https:\/\/enfanceetbiennaitre.fr\/index.php\/wp-json\/wp\/v2\/comments?post=3020"}],"version-history":[{"count":108,"href":"https:\/\/enfanceetbiennaitre.fr\/index.php\/wp-json\/wp\/v2\/pages\/3020\/revisions"}],"predecessor-version":[{"id":5961,"href":"https:\/\/enfanceetbiennaitre.fr\/index.php\/wp-json\/wp\/v2\/pages\/3020\/revisions\/5961"}],"wp:attachment":[{"href":"https:\/\/enfanceetbiennaitre.fr\/index.php\/wp-json\/wp\/v2\/media?parent=3020"}],"curies":[{"name":"wp","href":"https:\/\/api.w.org\/{rel}","templated":true}]}}