{"id":3022,"date":"2020-10-31T12:01:23","date_gmt":"2020-10-31T11:01:23","guid":{"rendered":"https:\/\/enfanceetbiennaitre.fr\/?page_id=3022"},"modified":"2023-05-05T12:03:54","modified_gmt":"2023-05-05T10:03:54","slug":"intervention-au-sein-de-votre-collectivite","status":"publish","type":"page","link":"https:\/\/enfanceetbiennaitre.fr\/index.php\/intervention-au-sein-de-votre-collectivite\/","title":{"rendered":"Intervention au Sein de Votre Structure"},"content":{"rendered":"\t\t<div data-elementor-type=\"wp-page\" data-elementor-id=\"3022\" class=\"elementor elementor-3022\" data-elementor-post-type=\"page\">\n\t\t\t\t\t\t<section class=\"elementor-section elementor-top-section elementor-element elementor-element-6a05f583 elementor-section-boxed elementor-section-height-default elementor-section-height-default\" data-id=\"6a05f583\" data-element_type=\"section\" data-e-type=\"section\" data-settings=\"{&quot;background_background&quot;:&quot;gradient&quot;}\">\n\t\t\t\t\t\t<div class=\"elementor-container elementor-column-gap-default\">\n\t\t\t\t\t<div class=\"elementor-column elementor-col-100 elementor-top-column elementor-element elementor-element-623ea715\" data-id=\"623ea715\" data-element_type=\"column\" data-e-type=\"column\">\n\t\t\t<div class=\"elementor-widget-wrap elementor-element-populated\">\n\t\t\t\t\t\t<div class=\"elementor-element elementor-element-7c4483fd elementor-widget elementor-widget-spacer\" data-id=\"7c4483fd\" data-element_type=\"widget\" data-e-type=\"widget\" data-widget_type=\"spacer.default\">\n\t\t\t\t<div class=\"elementor-widget-container\">\n\t\t\t\t\t\t\t<div class=\"elementor-spacer\">\n\t\t\t<div class=\"elementor-spacer-inner\"><\/div>\n\t\t<\/div>\n\t\t\t\t\t\t<\/div>\n\t\t\t\t<\/div>\n\t\t\t\t<div class=\"elementor-element elementor-element-8208a78 elementor-widget elementor-widget-heading\" data-id=\"8208a78\" data-element_type=\"widget\" data-e-type=\"widget\" data-widget_type=\"heading.default\">\n\t\t\t\t<div class=\"elementor-widget-container\">\n\t\t\t\t\t<h2 class=\"elementor-heading-title elementor-size-default\">Intervention au Sein de Votre Structure<\/h2>\t\t\t\t<\/div>\n\t\t\t\t<\/div>\n\t\t\t\t<div class=\"elementor-element elementor-element-680d4db elementor-hidden-desktop elementor-hidden-tablet elementor-hidden-phone elementor-widget elementor-widget-text-editor\" data-id=\"680d4db\" data-element_type=\"widget\" data-e-type=\"widget\" data-widget_type=\"text-editor.default\">\n\t\t\t\t<div class=\"elementor-widget-container\">\n\t\t\t\t\t\t\t\t\t<p>Enfance et Bien Na\u00eetre vous propose :\u00a0 Intervention au sein de votre collectivit\u00e9 Formation se d\u00e9roulant au sein de votre structure petite enfance<\/p>\t\t\t\t\t\t\t\t<\/div>\n\t\t\t\t<\/div>\n\t\t\t\t<div class=\"elementor-element elementor-element-a008bae elementor-widget elementor-widget-spacer\" data-id=\"a008bae\" data-element_type=\"widget\" data-e-type=\"widget\" data-widget_type=\"spacer.default\">\n\t\t\t\t<div class=\"elementor-widget-container\">\n\t\t\t\t\t\t\t<div class=\"elementor-spacer\">\n\t\t\t<div class=\"elementor-spacer-inner\"><\/div>\n\t\t<\/div>\n\t\t\t\t\t\t<\/div>\n\t\t\t\t<\/div>\n\t\t\t\t\t<\/div>\n\t\t<\/div>\n\t\t\t\t\t<\/div>\n\t\t<\/section>\n\t\t\t\t<section class=\"elementor-section elementor-top-section elementor-element elementor-element-114b2a8 elementor-section-boxed elementor-section-height-default elementor-section-height-default\" data-id=\"114b2a8\" data-element_type=\"section\" data-e-type=\"section\">\n\t\t\t\t\t\t<div class=\"elementor-container elementor-column-gap-default\">\n\t\t\t\t\t<div class=\"elementor-column elementor-col-100 elementor-top-column elementor-element elementor-element-aa8734b\" data-id=\"aa8734b\" data-element_type=\"column\" data-e-type=\"column\">\n\t\t\t<div class=\"elementor-widget-wrap elementor-element-populated\">\n\t\t\t\t\t\t<div class=\"elementor-element elementor-element-1d0186b elementor-tabs-view-horizontal elementor-widget elementor-widget-tabs\" data-id=\"1d0186b\" data-element_type=\"widget\" data-e-type=\"widget\" data-widget_type=\"tabs.default\">\n\t\t\t\t<div class=\"elementor-widget-container\">\n\t\t\t\t\t\t\t<div class=\"elementor-tabs\">\n\t\t\t<div class=\"elementor-tabs-wrapper\" role=\"tablist\" >\n\t\t\t\t\t\t\t\t\t<div id=\"elementor-tab-title-3041\" class=\"elementor-tab-title elementor-tab-desktop-title\" aria-selected=\"true\" data-tab=\"1\" role=\"tab\" tabindex=\"0\" aria-controls=\"elementor-tab-content-3041\" aria-expanded=\"false\">\u00c0 qui s'adresse cette formation ?<\/div>\n\t\t\t\t\t\t\t\t\t<div id=\"elementor-tab-title-3042\" class=\"elementor-tab-title elementor-tab-desktop-title\" aria-selected=\"false\" data-tab=\"2\" role=\"tab\" tabindex=\"-1\" aria-controls=\"elementor-tab-content-3042\" aria-expanded=\"false\">Programme de formation<\/div>\n\t\t\t\t\t\t\t\t\t<div id=\"elementor-tab-title-3043\" class=\"elementor-tab-title elementor-tab-desktop-title\" aria-selected=\"false\" data-tab=\"3\" role=\"tab\" tabindex=\"-1\" aria-controls=\"elementor-tab-content-3043\" aria-expanded=\"false\">Tarifs<\/div>\n\t\t\t\t\t\t\t\t\t<div id=\"elementor-tab-title-3044\" class=\"elementor-tab-title elementor-tab-desktop-title\" aria-selected=\"false\" data-tab=\"4\" role=\"tab\" tabindex=\"-1\" aria-controls=\"elementor-tab-content-3044\" aria-expanded=\"false\">Formulaire<\/div>\n\t\t\t\t\t\t\t<\/div>\n\t\t\t<div class=\"elementor-tabs-content-wrapper\" role=\"tablist\" aria-orientation=\"vertical\">\n\t\t\t\t\t\t\t\t\t<div class=\"elementor-tab-title elementor-tab-mobile-title\" aria-selected=\"true\" data-tab=\"1\" role=\"tab\" tabindex=\"0\" aria-controls=\"elementor-tab-content-3041\" aria-expanded=\"false\">\u00c0 qui s'adresse cette formation ?<\/div>\n\t\t\t\t\t<div id=\"elementor-tab-content-3041\" class=\"elementor-tab-content elementor-clearfix\" data-tab=\"1\" role=\"tabpanel\" aria-labelledby=\"elementor-tab-title-3041\" tabindex=\"0\" hidden=\"false\"><h4>Formation uniquement sur site et sur devis<\/h4><p>*r\u00e9serv\u00e9e aux professionnels de la petite enfance.<\/p><ul><li>N\u2019h\u00e9sitez pas \u00e0 faire votre demande de devis et de programme.<\/li><\/ul><ul><li>Possibilit\u00e9 d&rsquo;animation journ\u00e9e p\u00e9dagogique et analyse de pratique.<\/li><\/ul><ul><li>Devis et programme sur-mesure apr\u00e8s \u00e9change t\u00e9l\u00e9phonique (afin de cibler vos besoins et attentes).<\/li><\/ul><ul><li style=\"list-style-type: none;\"><ul><li>Cette formation a pour but de sensibiliser les professionnels de la richesse et de l\u2019importance de ces activit\u00e9s au sein de leur structure afin d\u2019enrichir et d\u2019apporter un nouveau souffle dans l\u2019approche \u00e9ducative.<\/li><\/ul><\/li><\/ul><\/div>\n\t\t\t\t\t\t\t\t\t<div class=\"elementor-tab-title elementor-tab-mobile-title\" aria-selected=\"false\" data-tab=\"2\" role=\"tab\" tabindex=\"-1\" aria-controls=\"elementor-tab-content-3042\" aria-expanded=\"false\">Programme de formation<\/div>\n\t\t\t\t\t<div id=\"elementor-tab-content-3042\" class=\"elementor-tab-content elementor-clearfix\" data-tab=\"2\" role=\"tabpanel\" aria-labelledby=\"elementor-tab-title-3042\" tabindex=\"0\" hidden=\"hidden\"><h4>Public vis\u00e9: professionnels de la petite enfance, de la sant\u00e9.<\/h4><p>Pr\u00e9-requis : \u00catre professionnel de la petite enfance.<\/p><\/div>\n\t\t\t\t\t\t\t\t\t<div class=\"elementor-tab-title elementor-tab-mobile-title\" aria-selected=\"false\" data-tab=\"3\" role=\"tab\" tabindex=\"-1\" aria-controls=\"elementor-tab-content-3043\" aria-expanded=\"false\">Tarifs<\/div>\n\t\t\t\t\t<div id=\"elementor-tab-content-3043\" class=\"elementor-tab-content elementor-clearfix\" data-tab=\"3\" role=\"tabpanel\" aria-labelledby=\"elementor-tab-title-3043\" tabindex=\"0\" hidden=\"hidden\"><ul><li>\u00a0Tarif: Sur demande de Devis uniquement<\/li><\/ul><\/div>\n\t\t\t\t\t\t\t\t\t<div class=\"elementor-tab-title elementor-tab-mobile-title\" aria-selected=\"false\" data-tab=\"4\" role=\"tab\" tabindex=\"-1\" aria-controls=\"elementor-tab-content-3044\" aria-expanded=\"false\">Formulaire<\/div>\n\t\t\t\t\t<div id=\"elementor-tab-content-3044\" class=\"elementor-tab-content elementor-clearfix\" data-tab=\"4\" role=\"tabpanel\" aria-labelledby=\"elementor-tab-title-3044\" tabindex=\"0\" hidden=\"hidden\"><p>Formulaire \u00e0 t\u00e9l\u00e9charger pour inscription \u00e0 la formation :<\/p><p>Cliquez <a href=\"https:\/\/enfanceetbiennaitre.fr\/wp-content\/uploads\/2022\/01\/Fiche-de-renseignement-pre\u0301-inscription-2022.pdf\" target=\"_blank\" rel=\"noopener\">ici<\/a><\/p><\/div>\n\t\t\t\t\t\t\t<\/div>\n\t\t<\/div>\n\t\t\t\t\t\t<\/div>\n\t\t\t\t<\/div>\n\t\t\t\t\t<\/div>\n\t\t<\/div>\n\t\t\t\t\t<\/div>\n\t\t<\/section>\n\t\t\t\t<section class=\"elementor-section elementor-top-section elementor-element elementor-element-8ec7032 elementor-section-boxed elementor-section-height-default elementor-section-height-default\" data-id=\"8ec7032\" data-element_type=\"section\" data-e-type=\"section\">\n\t\t\t\t\t\t<div class=\"elementor-container elementor-column-gap-default\">\n\t\t\t\t\t<div class=\"elementor-column elementor-col-100 elementor-top-column elementor-element elementor-element-1528499\" data-id=\"1528499\" data-element_type=\"column\" data-e-type=\"column\">\n\t\t\t<div class=\"elementor-widget-wrap elementor-element-populated\">\n\t\t\t\t\t\t<div class=\"elementor-element elementor-element-f88b712 elementor-hidden-desktop elementor-hidden-tablet elementor-hidden-phone elementor-widget elementor-widget-text-editor\" data-id=\"f88b712\" data-element_type=\"widget\" data-e-type=\"widget\" data-widget_type=\"text-editor.default\">\n\t\t\t\t<div class=\"elementor-widget-container\">\n\t\t\t\t\t\t\t\t\t<p>Rejoignez nous sur <a href=\"https:\/\/www.facebook.com\/pg\/enfanceetbiennaitre\/\">Facebook.<\/a><\/p><p>Intervention au sein de votre collectivit\u00e9<\/p>\t\t\t\t\t\t\t\t<\/div>\n\t\t\t\t<\/div>\n\t\t\t\t\t<\/div>\n\t\t<\/div>\n\t\t\t\t\t<\/div>\n\t\t<\/section>\n\t\t\t\t<\/div>\n\t\t","protected":false},"excerpt":{"rendered":"<p>Intervention au Sein de Votre Structure Enfance et Bien Na\u00eetre vous propose :\u00a0 Intervention au sein de votre collectivit\u00e9 Formation se d\u00e9roulant au sein de votre structure petite enfance \u00c0 qui s&rsquo;adresse cette formation ? Programme de formation Tarifs Formulaire \u00c0 qui s&rsquo;adresse cette formation ? Formation uniquement sur site et sur devis *r\u00e9serv\u00e9e aux [&hellip;]<\/p>\n","protected":false},"author":1,"featured_media":0,"parent":0,"menu_order":0,"comment_status":"closed","ping_status":"closed","template":"","meta":{"footnotes":""},"class_list":["post-3022","page","type-page","status-publish","hentry"],"_links":{"self":[{"href":"https:\/\/enfanceetbiennaitre.fr\/index.php\/wp-json\/wp\/v2\/pages\/3022","targetHints":{"allow":["GET"]}}],"collection":[{"href":"https:\/\/enfanceetbiennaitre.fr\/index.php\/wp-json\/wp\/v2\/pages"}],"about":[{"href":"https:\/\/enfanceetbiennaitre.fr\/index.php\/wp-json\/wp\/v2\/types\/page"}],"author":[{"embeddable":true,"href":"https:\/\/enfanceetbiennaitre.fr\/index.php\/wp-json\/wp\/v2\/users\/1"}],"replies":[{"embeddable":true,"href":"https:\/\/enfanceetbiennaitre.fr\/index.php\/wp-json\/wp\/v2\/comments?post=3022"}],"version-history":[{"count":118,"href":"https:\/\/enfanceetbiennaitre.fr\/index.php\/wp-json\/wp\/v2\/pages\/3022\/revisions"}],"predecessor-version":[{"id":5967,"href":"https:\/\/enfanceetbiennaitre.fr\/index.php\/wp-json\/wp\/v2\/pages\/3022\/revisions\/5967"}],"wp:attachment":[{"href":"https:\/\/enfanceetbiennaitre.fr\/index.php\/wp-json\/wp\/v2\/media?parent=3022"}],"curies":[{"name":"wp","href":"https:\/\/api.w.org\/{rel}","templated":true}]}}