{"id":3258,"date":"2020-11-02T18:51:28","date_gmt":"2020-11-02T17:51:28","guid":{"rendered":"https:\/\/enfanceetbiennaitre.fr\/?page_id=3258"},"modified":"2023-05-05T12:50:12","modified_gmt":"2023-05-05T10:50:12","slug":"mentions-legales","status":"publish","type":"page","link":"https:\/\/enfanceetbiennaitre.fr\/index.php\/mentions-legales\/","title":{"rendered":"Mentions L\u00e9gales"},"content":{"rendered":"\t\t<div data-elementor-type=\"wp-page\" data-elementor-id=\"3258\" class=\"elementor elementor-3258\" data-elementor-post-type=\"page\">\n\t\t\t\t\t\t<section class=\"elementor-section elementor-top-section elementor-element elementor-element-1b49d45 elementor-section-boxed elementor-section-height-default elementor-section-height-default\" data-id=\"1b49d45\" data-element_type=\"section\" data-e-type=\"section\" data-settings=\"{&quot;background_background&quot;:&quot;gradient&quot;}\">\n\t\t\t\t\t\t<div class=\"elementor-container elementor-column-gap-default\">\n\t\t\t\t\t<div class=\"elementor-column elementor-col-100 elementor-top-column elementor-element elementor-element-39c6f58\" data-id=\"39c6f58\" data-element_type=\"column\" data-e-type=\"column\">\n\t\t\t<div class=\"elementor-widget-wrap elementor-element-populated\">\n\t\t\t\t\t\t<div class=\"elementor-element elementor-element-5888d27 elementor-widget elementor-widget-spacer\" data-id=\"5888d27\" data-element_type=\"widget\" data-e-type=\"widget\" data-widget_type=\"spacer.default\">\n\t\t\t\t<div class=\"elementor-widget-container\">\n\t\t\t\t\t\t\t<div class=\"elementor-spacer\">\n\t\t\t<div class=\"elementor-spacer-inner\"><\/div>\n\t\t<\/div>\n\t\t\t\t\t\t<\/div>\n\t\t\t\t<\/div>\n\t\t\t\t<div class=\"elementor-element elementor-element-2a3bc6a elementor-widget elementor-widget-heading\" data-id=\"2a3bc6a\" data-element_type=\"widget\" data-e-type=\"widget\" data-widget_type=\"heading.default\">\n\t\t\t\t<div class=\"elementor-widget-container\">\n\t\t\t\t\t<h2 class=\"elementor-heading-title elementor-size-default\">MENTIONS L\u00c9GALES<\/h2>\t\t\t\t<\/div>\n\t\t\t\t<\/div>\n\t\t\t\t<div class=\"elementor-element elementor-element-e7f0b6c elementor-widget elementor-widget-spacer\" data-id=\"e7f0b6c\" data-element_type=\"widget\" data-e-type=\"widget\" data-widget_type=\"spacer.default\">\n\t\t\t\t<div class=\"elementor-widget-container\">\n\t\t\t\t\t\t\t<div class=\"elementor-spacer\">\n\t\t\t<div class=\"elementor-spacer-inner\"><\/div>\n\t\t<\/div>\n\t\t\t\t\t\t<\/div>\n\t\t\t\t<\/div>\n\t\t\t\t<div class=\"elementor-element elementor-element-3f9998a elementor-widget elementor-widget-text-editor\" data-id=\"3f9998a\" data-element_type=\"widget\" data-e-type=\"widget\" data-widget_type=\"text-editor.default\">\n\t\t\t\t<div class=\"elementor-widget-container\">\n\t\t\t\t\t\t\t\t\t<p class=\"MsoNormal\" style=\"text-indent: 0cm; margin: 0cm 0cm 7.5pt; font-size: 11pt; font-family: Calibri, sans-serif; caret-color: #000000; color: #000000; text-align: justify;\"><span style=\"font-size: 16.5pt; font-family: Abadi, sans-serif; color: #851f5d;\">DROIT D&rsquo;ACCES AU FICHIER INFORMATISE<\/span><\/p><p class=\"MsoNormal\" style=\"margin: 0cm 0cm 7.5pt; font-size: 11pt; font-family: Calibri, sans-serif; caret-color: #000000; color: #000000; text-align: justify;\"><span style=\"font-size: 12pt; font-family: Abadi, sans-serif; color: #464447;\">Tout utilisateur ayant d\u00e9pos\u00e9 via ce site Internet, des informations directement ou indirectement nominatives, peut demander la communication des informations nominatives le concernant \u00e0 l&rsquo;administrateur du service et les faire rectifier le cas \u00e9ch\u00e9ant, conform\u00e9ment \u00e0 la loi fran\u00e7aise n\u00b078-17 du 6 janvier 1978 relative \u00e0 l&rsquo;informatique, aux fichiers et aux libert\u00e9s, en en faisant la demande par mail ou par courrier.<\/span><\/p><p class=\"MsoNormal\" style=\"margin: 0cm 0cm 7.5pt; font-size: 11pt; font-family: Calibri, sans-serif; caret-color: #000000; color: #000000; text-align: justify;\"><span style=\"font-size: 12pt; font-family: Abadi, sans-serif; color: #464447;\">\u00a0<\/span><\/p><p class=\"MsoNormal\" style=\"text-indent: 0cm; margin: 0cm 0cm 7.5pt; font-size: 11pt; font-family: Calibri, sans-serif; caret-color: #000000; color: #000000; text-align: justify;\"><span style=\"font-size: 16.5pt; font-family: Abadi, sans-serif; color: #851f5d;\">INFORMATIONS MISES A DISPOSITION<\/span><\/p><p class=\"MsoNormal\" style=\"margin: 0cm 0cm 7.5pt; font-size: 11pt; font-family: Calibri, sans-serif; caret-color: #000000; color: #000000; text-align: justify;\"><span style=\"font-size: 12pt; font-family: Abadi, sans-serif; color: #464447;\">Les informations et communiqu\u00e9s publi\u00e9s dans ce service sont non contractuels et les documents qui font foi, sur le plan juridique, sont ceux qui ont fait l&rsquo;objet d&rsquo;annonces l\u00e9gales et\/ou du visa des autorit\u00e9s de place.<\/span><\/p><p class=\"MsoNormal\" style=\"margin: 0cm 0cm 7.5pt; font-size: 11pt; font-family: Calibri, sans-serif; caret-color: #000000; color: #000000; text-align: justify;\"><span style=\"font-size: 12pt; font-family: Abadi, sans-serif; color: #464447;\">Le contenu mis \u00e0 disposition sur le pr\u00e9sent site est fourni \u00e0 titre informatif. L&rsquo;existence d&rsquo;un lien du site \u00ab\u00a0Enfance et Bien-Naitre \u00bb\u00a0vers un autre site ne constitue pas une validation de ce site ou de son contenu. Il appartient \u00e0 l&rsquo;internaute d&rsquo;utiliser ces informations avec discernement et esprit critique. La responsabilit\u00e9 de l&rsquo;\u00e9diteur ne saurait \u00eatre engag\u00e9e quant aux informations, opinions et recommandations formul\u00e9es par ces tiers.<\/span><\/p><p class=\"MsoNormal\" style=\"margin: 0cm 0cm 7.5pt; font-size: 11pt; font-family: Calibri, sans-serif; caret-color: #000000; color: #000000; text-align: justify;\"><span style=\"font-size: 12pt; font-family: Abadi, sans-serif; color: #464447;\">\u00a0<\/span><\/p><p class=\"MsoNormal\" style=\"text-indent: 0cm; margin: 0cm 0cm 7.5pt; font-size: 11pt; font-family: Calibri, sans-serif; caret-color: #000000; color: #000000; text-align: justify;\"><span style=\"font-size: 16.5pt; font-family: Abadi, sans-serif; color: #851f5d;\">LICENCE DE DROIT D&rsquo;USAGE ET COPYRIGHT<\/span><\/p><p class=\"MsoNormal\" style=\"margin: 0cm 0cm 7.5pt; font-size: 11pt; font-family: Calibri, sans-serif; caret-color: #000000; color: #000000; text-align: justify;\"><span style=\"font-size: 12pt; font-family: Abadi, sans-serif; color: #464447;\">L&rsquo;ensemble de ce site rel\u00e8ve de la l\u00e9gislation fran\u00e7aise et internationale sur le droit d&rsquo;auteur et de la propri\u00e9t\u00e9 intellectuelle, aussi bien en ce qui concerne sa forme (choix du plan, disposition des mati\u00e8res, moyens d&rsquo;acc\u00e8s aux donn\u00e9es, organisation des donn\u00e9es&#8230;), qu&rsquo;en ce qui concerne chacun des \u00e9l\u00e9ments de son contenu (textes, images, etc.).<\/span><\/p><p class=\"MsoNormal\" style=\"margin: 0cm 0cm 7.5pt; font-size: 11pt; font-family: Calibri, sans-serif; caret-color: #000000; color: #000000; text-align: justify;\"><span style=\"font-size: 12pt; font-family: Abadi, sans-serif; color: #464447;\">Toutes les reproductions, de tout ou partie de ce site, y compris pour les documents t\u00e9l\u00e9chargeables et les repr\u00e9sentations iconographiques et photographiques sont formellement interdites sauf autorisation expresse du responsable du site. L&rsquo;atteinte \u00e0 l&rsquo;un quelconque de ses droits est constitutive du d\u00e9lit p\u00e9nal de contrefa\u00e7on (art. L 335-1 \u00e0 335-10 du Code de la propri\u00e9t\u00e9 intellectuelle) et passible d&rsquo;une peine d&#8217;emprisonnement de deux ans et de 150 000 euros d&rsquo;amende.<\/span><\/p>\t\t\t\t\t\t\t\t<\/div>\n\t\t\t\t<\/div>\n\t\t\t\t\t<\/div>\n\t\t<\/div>\n\t\t\t\t\t<\/div>\n\t\t<\/section>\n\t\t\t\t<\/div>\n\t\t","protected":false},"excerpt":{"rendered":"<p>MENTIONS L\u00c9GALES DROIT D&rsquo;ACCES AU FICHIER INFORMATISE Tout utilisateur ayant d\u00e9pos\u00e9 via ce site Internet, des informations directement ou indirectement nominatives, peut demander la communication des informations nominatives le concernant \u00e0 l&rsquo;administrateur du service et les faire rectifier le cas \u00e9ch\u00e9ant, conform\u00e9ment \u00e0 la loi fran\u00e7aise n\u00b078-17 du 6 janvier 1978 relative \u00e0 l&rsquo;informatique, aux [&hellip;]<\/p>\n","protected":false},"author":1,"featured_media":0,"parent":0,"menu_order":0,"comment_status":"closed","ping_status":"closed","template":"","meta":{"footnotes":""},"class_list":["post-3258","page","type-page","status-publish","hentry"],"_links":{"self":[{"href":"https:\/\/enfanceetbiennaitre.fr\/index.php\/wp-json\/wp\/v2\/pages\/3258","targetHints":{"allow":["GET"]}}],"collection":[{"href":"https:\/\/enfanceetbiennaitre.fr\/index.php\/wp-json\/wp\/v2\/pages"}],"about":[{"href":"https:\/\/enfanceetbiennaitre.fr\/index.php\/wp-json\/wp\/v2\/types\/page"}],"author":[{"embeddable":true,"href":"https:\/\/enfanceetbiennaitre.fr\/index.php\/wp-json\/wp\/v2\/users\/1"}],"replies":[{"embeddable":true,"href":"https:\/\/enfanceetbiennaitre.fr\/index.php\/wp-json\/wp\/v2\/comments?post=3258"}],"version-history":[{"count":13,"href":"https:\/\/enfanceetbiennaitre.fr\/index.php\/wp-json\/wp\/v2\/pages\/3258\/revisions"}],"predecessor-version":[{"id":6022,"href":"https:\/\/enfanceetbiennaitre.fr\/index.php\/wp-json\/wp\/v2\/pages\/3258\/revisions\/6022"}],"wp:attachment":[{"href":"https:\/\/enfanceetbiennaitre.fr\/index.php\/wp-json\/wp\/v2\/media?parent=3258"}],"curies":[{"name":"wp","href":"https:\/\/api.w.org\/{rel}","templated":true}]}}