{"id":3277,"date":"2020-11-03T17:44:02","date_gmt":"2020-11-03T16:44:02","guid":{"rendered":"https:\/\/enfanceetbiennaitre.fr\/?page_id=3277"},"modified":"2023-05-05T12:51:15","modified_gmt":"2023-05-05T10:51:15","slug":"cgv","status":"publish","type":"page","link":"https:\/\/enfanceetbiennaitre.fr\/index.php\/cgv\/","title":{"rendered":"CGV"},"content":{"rendered":"\t\t<div data-elementor-type=\"wp-page\" data-elementor-id=\"3277\" class=\"elementor elementor-3277\" data-elementor-post-type=\"page\">\n\t\t\t\t\t\t<section class=\"elementor-section elementor-top-section elementor-element elementor-element-5202dee elementor-section-boxed elementor-section-height-default elementor-section-height-default\" data-id=\"5202dee\" data-element_type=\"section\" data-e-type=\"section\" data-settings=\"{&quot;background_background&quot;:&quot;gradient&quot;}\">\n\t\t\t\t\t\t<div class=\"elementor-container elementor-column-gap-default\">\n\t\t\t\t\t<div class=\"elementor-column elementor-col-100 elementor-top-column elementor-element elementor-element-0acd1bb\" data-id=\"0acd1bb\" data-element_type=\"column\" data-e-type=\"column\">\n\t\t\t<div class=\"elementor-widget-wrap elementor-element-populated\">\n\t\t\t\t\t\t<div class=\"elementor-element elementor-element-a241e2f elementor-widget elementor-widget-spacer\" data-id=\"a241e2f\" data-element_type=\"widget\" data-e-type=\"widget\" data-widget_type=\"spacer.default\">\n\t\t\t\t<div class=\"elementor-widget-container\">\n\t\t\t\t\t\t\t<div class=\"elementor-spacer\">\n\t\t\t<div class=\"elementor-spacer-inner\"><\/div>\n\t\t<\/div>\n\t\t\t\t\t\t<\/div>\n\t\t\t\t<\/div>\n\t\t\t\t<div class=\"elementor-element elementor-element-4bb46de elementor-widget elementor-widget-heading\" data-id=\"4bb46de\" data-element_type=\"widget\" data-e-type=\"widget\" data-widget_type=\"heading.default\">\n\t\t\t\t<div class=\"elementor-widget-container\">\n\t\t\t\t\t<h2 class=\"elementor-heading-title elementor-size-default\">Conditions G\u00e9n\u00e9rales de Vente\u200b<\/h2>\t\t\t\t<\/div>\n\t\t\t\t<\/div>\n\t\t\t\t<div class=\"elementor-element elementor-element-b5b137f elementor-widget elementor-widget-spacer\" data-id=\"b5b137f\" data-element_type=\"widget\" data-e-type=\"widget\" data-widget_type=\"spacer.default\">\n\t\t\t\t<div class=\"elementor-widget-container\">\n\t\t\t\t\t\t\t<div class=\"elementor-spacer\">\n\t\t\t<div class=\"elementor-spacer-inner\"><\/div>\n\t\t<\/div>\n\t\t\t\t\t\t<\/div>\n\t\t\t\t<\/div>\n\t\t\t\t<div class=\"elementor-element elementor-element-d675386 elementor-widget elementor-widget-text-editor\" data-id=\"d675386\" data-element_type=\"widget\" data-e-type=\"widget\" data-widget_type=\"text-editor.default\">\n\t\t\t\t<div class=\"elementor-widget-container\">\n\t\t\t\t\t\t\t\t\t<p>Toute inscription aux formations organis\u00e9es par <strong>Enfance et bien-naitre<\/strong> implique l\u2019adh\u00e9sion pleine et enti\u00e8re<\/p>\n<p>du responsable de l\u2019inscription aux pr\u00e9sentes conditions g\u00e9n\u00e9rales de vente.<\/p>\n<h6><strong>Inscription ( Pas de dates limites d&rsquo;inscription si places disponibles )<\/strong><\/h6>\n<p>Toute inscription \u00e0 une formation doit \u00eatre confirm\u00e9e par \u00e9crit \u00e0 l\u2019aide du bulletin d\u2019inscription d\u00fbment compl\u00e9t\u00e9 ou via le formulaire de r\u00e9servation(s) que vous pouvez trouver sur l&rsquo;onglet contact du site. L\u2019inscription, en fonction des th\u00e8mes de formation est accompagn\u00e9, soit des frais d\u2019inscription lorsqu\u2019ils existent, soit de 30% du montant total de la formation, soit de la confirmation de la prise en charge par une entreprise.<\/p>\n<p><strong>Confirmation d\u2019inscription, programme, contrat ou convention de formation, r\u00e8glement int\u00e9rieur, convocation et attestation de suivi<\/strong><\/p>\n<p>D\u00e8s r\u00e9ception du bulletin d\u2019inscription par t\u00e9l\u00e9chargement ou par le formulaire de r\u00e9servation(s) d\u00fbment compl\u00e9t\u00e9&nbsp;via le site,&nbsp;une confirmation d\u2019inscription vous est adress\u00e9e, le programme et le r\u00e8glement int\u00e9rieur ayant \u00e9t\u00e9 consult\u00e9s avec l\u2019inscription. Vous recevez ensuite un contrat ou une convention de formation, le tout en double exemplaire. Un exemplaire d\u00fbment sign\u00e9 par le responsable de l\u2019inscription doit nous \u00eatre retourn\u00e9 avant le d\u00e9but de la formation. Quinze jours avant le d\u00e9but de la formation, une convocation pr\u00e9cisant la date, le lieu et les horaires de la formation est adress\u00e9e au participant. A l\u2019issue de chaque formation, une attestation de suivi de formation est adress\u00e9e au participant et au responsable de l\u2019inscription.<\/p>\n<p><strong>Tarifs \u2013 Paiement<\/strong><\/p>\n<p>Les tarifs indiqu\u00e9s ne comprennent pas les frais de restauration ou d\u2019h\u00e9bergement. Sauf modalit\u00e9s contraires, les factures \u00e9mises par Enfance et bien-naitre sont payables comptant et sans escompte, au plus tard \u00e0 la date d\u2019\u00e9ch\u00e9ance figurant sur celles-ci, par ch\u00e8que ou par virement bancaire. A d\u00e9faut, des p\u00e9nalit\u00e9s de retard \u00e0 un taux annuel de 3 fois le taux annuel seront factur\u00e9es. Ces p\u00e9nalit\u00e9s de retard sont exigibles le jour suivant la date de r\u00e8glement figurant sur la facture. En cas de non r\u00e8glement des factures \u00e0 l\u2019\u00e9ch\u00e9ance convenue, le client devra rembourser tous les frais occasionn\u00e9s par le recouvrement contentieux des sommes dues.<\/p>\n<p><strong>Annulation<\/strong><\/p>\n<p>Toute demande d\u2019annulation d\u2019une inscription \u00e0 l\u2019initiative du responsable de l\u2019inscription doit \u00eatre notifi\u00e9es par \u00e9crit \u00e0 Enfance et bien-naitre. Sauf cas de force majeure d\u00fbment reconnu par Enfance et bien-naitre ou en cas d\u2019absence du participant inscrit, Enfance et bien-naitre facturera un d\u00e9dit de 100% du prix de la formation. Dans le cas d\u2019une prise en charge par une entreprise, ce montant est non imputable sur le budget formation de l\u2019entreprise inscrite. Toute formation commenc\u00e9e est due en totalit\u00e9.<\/p>\n<p><strong>Diff\u00e9rents<\/strong><\/p>\n<p>En cas de litige, les deux parties s\u2019engagent \u00e0 le r\u00e9gler par voie amiable, dans toute la mesure du possible. A d\u00e9faut d\u2019accord amiable, toute contestation sur l\u2019interpr\u00e9tation ou l\u2019ex\u00e9cution du contrat rel\u00e8vera des tribunaux comp\u00e9tents.<\/p><p><br><\/p><p>Derni\u00e8re mise \u00e0 jour : 08\/11\/2021<\/p>\t\t\t\t\t\t\t\t<\/div>\n\t\t\t\t<\/div>\n\t\t\t\t\t<\/div>\n\t\t<\/div>\n\t\t\t\t\t<\/div>\n\t\t<\/section>\n\t\t\t\t<\/div>\n\t\t","protected":false},"excerpt":{"rendered":"<p>Conditions G\u00e9n\u00e9rales de Vente\u200b Toute inscription aux formations organis\u00e9es par Enfance et bien-naitre implique l\u2019adh\u00e9sion pleine et enti\u00e8re du responsable de l\u2019inscription aux pr\u00e9sentes conditions g\u00e9n\u00e9rales de vente. Inscription ( Pas de dates limites d&rsquo;inscription si places disponibles ) Toute inscription \u00e0 une formation doit \u00eatre confirm\u00e9e par \u00e9crit \u00e0 l\u2019aide du bulletin d\u2019inscription d\u00fbment [&hellip;]<\/p>\n","protected":false},"author":1,"featured_media":0,"parent":0,"menu_order":0,"comment_status":"closed","ping_status":"closed","template":"","meta":{"footnotes":""},"class_list":["post-3277","page","type-page","status-publish","hentry"],"_links":{"self":[{"href":"https:\/\/enfanceetbiennaitre.fr\/index.php\/wp-json\/wp\/v2\/pages\/3277","targetHints":{"allow":["GET"]}}],"collection":[{"href":"https:\/\/enfanceetbiennaitre.fr\/index.php\/wp-json\/wp\/v2\/pages"}],"about":[{"href":"https:\/\/enfanceetbiennaitre.fr\/index.php\/wp-json\/wp\/v2\/types\/page"}],"author":[{"embeddable":true,"href":"https:\/\/enfanceetbiennaitre.fr\/index.php\/wp-json\/wp\/v2\/users\/1"}],"replies":[{"embeddable":true,"href":"https:\/\/enfanceetbiennaitre.fr\/index.php\/wp-json\/wp\/v2\/comments?post=3277"}],"version-history":[{"count":11,"href":"https:\/\/enfanceetbiennaitre.fr\/index.php\/wp-json\/wp\/v2\/pages\/3277\/revisions"}],"predecessor-version":[{"id":6025,"href":"https:\/\/enfanceetbiennaitre.fr\/index.php\/wp-json\/wp\/v2\/pages\/3277\/revisions\/6025"}],"wp:attachment":[{"href":"https:\/\/enfanceetbiennaitre.fr\/index.php\/wp-json\/wp\/v2\/media?parent=3277"}],"curies":[{"name":"wp","href":"https:\/\/api.w.org\/{rel}","templated":true}]}}