{"id":3281,"date":"2020-11-03T17:53:03","date_gmt":"2020-11-03T16:53:03","guid":{"rendered":"https:\/\/enfanceetbiennaitre.fr\/?page_id=3281"},"modified":"2023-05-26T10:53:42","modified_gmt":"2023-05-26T08:53:42","slug":"recommandations","status":"publish","type":"page","link":"https:\/\/enfanceetbiennaitre.fr\/index.php\/recommandations\/","title":{"rendered":"Recommandations"},"content":{"rendered":"\t\t<div data-elementor-type=\"wp-page\" data-elementor-id=\"3281\" class=\"elementor elementor-3281\" data-elementor-post-type=\"page\">\n\t\t\t\t\t\t<section class=\"elementor-section elementor-top-section elementor-element elementor-element-6327380 elementor-section-boxed elementor-section-height-default elementor-section-height-default\" data-id=\"6327380\" data-element_type=\"section\" data-e-type=\"section\" data-settings=\"{&quot;background_background&quot;:&quot;gradient&quot;}\">\n\t\t\t\t\t\t<div class=\"elementor-container elementor-column-gap-default\">\n\t\t\t\t\t<div class=\"elementor-column elementor-col-100 elementor-top-column elementor-element elementor-element-1e5f825\" data-id=\"1e5f825\" data-element_type=\"column\" data-e-type=\"column\">\n\t\t\t<div class=\"elementor-widget-wrap elementor-element-populated\">\n\t\t\t\t\t\t<div class=\"elementor-element elementor-element-6a1ff06 elementor-widget elementor-widget-spacer\" data-id=\"6a1ff06\" data-element_type=\"widget\" data-e-type=\"widget\" data-widget_type=\"spacer.default\">\n\t\t\t\t<div class=\"elementor-widget-container\">\n\t\t\t\t\t\t\t<div class=\"elementor-spacer\">\n\t\t\t<div class=\"elementor-spacer-inner\"><\/div>\n\t\t<\/div>\n\t\t\t\t\t\t<\/div>\n\t\t\t\t<\/div>\n\t\t\t\t<div class=\"elementor-element elementor-element-c9acc2e elementor-widget elementor-widget-heading\" data-id=\"c9acc2e\" data-element_type=\"widget\" data-e-type=\"widget\" data-widget_type=\"heading.default\">\n\t\t\t\t<div class=\"elementor-widget-container\">\n\t\t\t\t\t<h2 class=\"elementor-heading-title elementor-size-default\">Recommandations \/ Ressources<\/h2>\t\t\t\t<\/div>\n\t\t\t\t<\/div>\n\t\t\t\t<div class=\"elementor-element elementor-element-d012252 elementor-widget elementor-widget-spacer\" data-id=\"d012252\" data-element_type=\"widget\" data-e-type=\"widget\" data-widget_type=\"spacer.default\">\n\t\t\t\t<div class=\"elementor-widget-container\">\n\t\t\t\t\t\t\t<div class=\"elementor-spacer\">\n\t\t\t<div class=\"elementor-spacer-inner\"><\/div>\n\t\t<\/div>\n\t\t\t\t\t\t<\/div>\n\t\t\t\t<\/div>\n\t\t\t\t\t<\/div>\n\t\t<\/div>\n\t\t\t\t\t<\/div>\n\t\t<\/section>\n\t\t\t\t<section class=\"elementor-section elementor-top-section elementor-element elementor-element-d5df423 elementor-section-boxed elementor-section-height-default elementor-section-height-default\" data-id=\"d5df423\" data-element_type=\"section\" data-e-type=\"section\" data-settings=\"{&quot;background_background&quot;:&quot;gradient&quot;}\">\n\t\t\t\t\t\t<div class=\"elementor-container elementor-column-gap-default\">\n\t\t\t\t\t<div class=\"elementor-column elementor-col-100 elementor-top-column elementor-element elementor-element-1992813\" data-id=\"1992813\" data-element_type=\"column\" data-e-type=\"column\">\n\t\t\t<div class=\"elementor-widget-wrap elementor-element-populated\">\n\t\t\t\t\t\t<div class=\"elementor-element elementor-element-6eabac6 elementor-widget elementor-widget-spacer\" data-id=\"6eabac6\" data-element_type=\"widget\" data-e-type=\"widget\" data-widget_type=\"spacer.default\">\n\t\t\t\t<div class=\"elementor-widget-container\">\n\t\t\t\t\t\t\t<div class=\"elementor-spacer\">\n\t\t\t<div class=\"elementor-spacer-inner\"><\/div>\n\t\t<\/div>\n\t\t\t\t\t\t<\/div>\n\t\t\t\t<\/div>\n\t\t\t\t<div class=\"elementor-element elementor-element-e904c21 elementor-widget elementor-widget-text-editor\" data-id=\"e904c21\" data-element_type=\"widget\" data-e-type=\"widget\" data-widget_type=\"text-editor.default\">\n\t\t\t\t<div class=\"elementor-widget-container\">\n\t\t\t\t\t\t\t\t\t<p>Parce que la vie n\u2019est que mouvement et remplie de belles rencontres qui nous font grandir, voici une liste de diff\u00e9rents th\u00e9rapeutes que j\u2019ai eu l\u2019immense chance de croiser sur mon chemin de vie. Ces personnes sont bienveillantes et riches dans ce qu\u2019elles transmettent en termes : d\u2019humanit\u00e9 de professionnalisme, d\u2019ouverture du c\u0153ur\u2026 Elles m\u2019ont accompagn\u00e9es vers ce beau chemin qui nous m\u00e8ne \u00e0 nous \u00ab\u00a0m\u2019aime\u00a0\u00bb et m\u2019ont donn\u00e9es l\u2019opportunit\u00e9 de devenir ainsi meilleure un peu chaque jour.<\/p><p>\u00a0<\/p>\t\t\t\t\t\t\t\t<\/div>\n\t\t\t\t<\/div>\n\t\t\t\t<div class=\"elementor-element elementor-element-a93c2ac elementor-widget elementor-widget-heading\" data-id=\"a93c2ac\" data-element_type=\"widget\" data-e-type=\"widget\" data-widget_type=\"heading.default\">\n\t\t\t\t<div class=\"elementor-widget-container\">\n\t\t\t\t\t<h4 class=\"elementor-heading-title elementor-size-default\">TANIA MASSOUF<\/h4>\t\t\t\t<\/div>\n\t\t\t\t<\/div>\n\t\t\t\t<div class=\"elementor-element elementor-element-18279f2 elementor-widget elementor-widget-text-editor\" data-id=\"18279f2\" data-element_type=\"widget\" data-e-type=\"widget\" data-widget_type=\"text-editor.default\">\n\t\t\t\t<div class=\"elementor-widget-container\">\n\t\t\t\t\t\t\t\t\t<p>Si vous d\u00e9sirez approfondir vos connaissances autour du postpartum et la p\u00e9rinatalit\u00e9 , vous pouvez vous former aupr\u00e8s de Tania : cr\u00e9atrice du rituel du bain sensoriel et doula,<\/p><p>Tania est p\u00e9tillante et vous apportera de vrais outils magiques pour accompagner ces jeunes mamans&#8230;<\/p><p>N\u2019h\u00e9sitez plus et cliquez sur le lien pour d\u00e9couvrir son site et son univers&#8230;<\/p><p>https:\/\/etre-femme-naitre-maman.fr\/<\/p><p>\u00a0<\/p>\t\t\t\t\t\t\t\t<\/div>\n\t\t\t\t<\/div>\n\t\t\t\t<div class=\"elementor-element elementor-element-438bf9e elementor-widget elementor-widget-spacer\" data-id=\"438bf9e\" data-element_type=\"widget\" data-e-type=\"widget\" data-widget_type=\"spacer.default\">\n\t\t\t\t<div class=\"elementor-widget-container\">\n\t\t\t\t\t\t\t<div class=\"elementor-spacer\">\n\t\t\t<div class=\"elementor-spacer-inner\"><\/div>\n\t\t<\/div>\n\t\t\t\t\t\t<\/div>\n\t\t\t\t<\/div>\n\t\t\t\t<div class=\"elementor-element elementor-element-7bfa530 elementor-widget elementor-widget-heading\" data-id=\"7bfa530\" data-element_type=\"widget\" data-e-type=\"widget\" data-widget_type=\"heading.default\">\n\t\t\t\t<div class=\"elementor-widget-container\">\n\t\t\t\t\t<h4 class=\"elementor-heading-title elementor-size-default\">Institut De Formation Et De Recherche En Hypnose Therapeutique (Ifreht)<\/h4>\t\t\t\t<\/div>\n\t\t\t\t<\/div>\n\t\t\t\t<div class=\"elementor-element elementor-element-0093066 elementor-widget elementor-widget-text-editor\" data-id=\"0093066\" data-element_type=\"widget\" data-e-type=\"widget\" data-widget_type=\"text-editor.default\">\n\t\t\t\t<div class=\"elementor-widget-container\">\n\t\t\t\t\t\t\t\t\t<p>Vous voulez vous former \u00e0 l\u2019hypnose&nbsp;: Les yeux ferm\u00e9s, laissez-vous guider par ces merveilleux professionnels que sont Pascal et Sandrine. Ils vous accompagneront tout au long de votre cursus avec beaucoup de partage, bienveillance, g\u00e9n\u00e9rosit\u00e9 et professionnalisme&nbsp;! Ce cursus a \u00e9t\u00e9 pour moi une vraie r\u00e9v\u00e9lation tant sur le plan professionnel que personnel&nbsp;! Le champs de tous les possibles est ouvert\u2026&nbsp;!<\/p>\n<ul>\n<li>\n<p><b>Pascal Dion, Fondateur<\/b>&nbsp;: Coach, Hypnoth\u00e9rapeute, Th\u00e9rapeute<\/p>\n<\/li>\n<\/ul>\n<p>Coordonn\u00e9es: 0635131893<\/p>\n<ul>\n<li>\n<p><b>Sandrine de Freitas, Co-Fondatrice<\/b>&nbsp;: Th\u00e9rapeute, Kin\u00e9sith\u00e9rapeute<\/p>\n<\/li>\n<\/ul>\n<p>Coordonn\u00e9es&nbsp;: 0631612972<\/p>\n<p><span lang=\"EN-US\">&nbsp;<br><\/span><span lang=\"EN-US\">Site Web :<a style=\"color: #954f72; text-decoration: underline;\" href=\"https:\/\/www.ifreht.fr\/\">https:\/\/www.ifreht.fr\/<br><\/a><\/span>Adresse Email&nbsp;:&nbsp;<a title=\"Envoyer un mail\" href=\"mailto:ifreht.info@gmail.com\">ifreht.info@gmail.com<\/a><\/p>\n<p><style class=\"WebKit-mso-list-quirks-style\">\n<!-- \/* Style Definitions *\/ p.MsoNormal, li.MsoNormal, div.MsoNormal {mso-style-unhide:no; mso-style-qformat:yes; mso-style-parent:\"\"; margin-top:0cm; margin-right:0cm; margin-bottom:8.0pt; margin-left:0cm; line-height:107%; mso-pagination:widow-orphan; font-size:11.0pt; font-family:\"Calibri\",sans-serif; mso-fareast-font-family:Calibri; mso-bidi-font-family:\"Times New Roman\"; mso-fareast-language:EN-US;} a:link, span.MsoHyperlink {mso-style-priority:99; mso-style-parent:\"\"; color:#0563C1; text-decoration:underline; text-underline:single;} a:visited, span.MsoHyperlinkFollowed {mso-style-noshow:yes; mso-style-priority:99; color:#954F72; mso-themecolor:followedhyperlink; text-decoration:underline; text-underline:single;} .MsoChpDefault {mso-style-type:export-only; mso-default-props:yes; font-size:10.0pt; mso-ansi-font-size:10.0pt; mso-bidi-font-size:10.0pt; font-family:\"Calibri\",sans-serif; mso-ascii-font-family:Calibri; mso-fareast-font-family:Calibri; mso-hansi-font-family:Calibri;} @page WordSection1 {size:612.0pt 792.0pt; margin:70.85pt 70.85pt 70.85pt 70.85pt; mso-header-margin:36.0pt; mso-footer-margin:36.0pt; mso-paper-source:0;} div.WordSection1 {page:WordSection1;} \/* List Definitions *\/ @list l0 {mso-list-id:2003195394; mso-list-type:hybrid; mso-list-template-ids:-1001720172 67895297 67895299 67895301 67895297 67895299 67895301 67895297 67895299 67895301;} @list l0:level1 {mso-level-number-format:bullet; mso-level-text:\uf0b7; mso-level-tab-stop:none; mso-level-number-position:left; text-indent:-18.0pt; font-family:Symbol;} @list l0:level2 {mso-level-number-format:bullet; mso-level-text:o; mso-level-tab-stop:none; mso-level-number-position:left; text-indent:-18.0pt; font-family:\"Courier New\";} @list l0:level3 {mso-level-number-format:bullet; mso-level-text:\uf0a7; mso-level-tab-stop:none; mso-level-number-position:left; text-indent:-18.0pt; font-family:Wingdings;} @list l0:level4 {mso-level-number-format:bullet; mso-level-text:\uf0b7; mso-level-tab-stop:none; mso-level-number-position:left; text-indent:-18.0pt; font-family:Symbol;} @list l0:level5 {mso-level-number-format:bullet; mso-level-text:o; mso-level-tab-stop:none; mso-level-number-position:left; text-indent:-18.0pt; font-family:\"Courier New\";} @list l0:level6 {mso-level-number-format:bullet; mso-level-text:\uf0a7; mso-level-tab-stop:none; mso-level-number-position:left; text-indent:-18.0pt; font-family:Wingdings;} @list l0:level7 {mso-level-number-format:bullet; mso-level-text:\uf0b7; mso-level-tab-stop:none; mso-level-number-position:left; text-indent:-18.0pt; font-family:Symbol;} @list l0:level8 {mso-level-number-format:bullet; mso-level-text:o; mso-level-tab-stop:none; mso-level-number-position:left; text-indent:-18.0pt; font-family:\"Courier New\";} @list l0:level9 {mso-level-number-format:bullet; mso-level-text:\uf0a7; mso-level-tab-stop:none; mso-level-number-position:left; text-indent:-18.0pt; font-family:Wingdings;} --><br \/><\/style>\n<\/p>\t\t\t\t\t\t\t\t<\/div>\n\t\t\t\t<\/div>\n\t\t\t\t\t<\/div>\n\t\t<\/div>\n\t\t\t\t\t<\/div>\n\t\t<\/section>\n\t\t\t\t<\/div>\n\t\t","protected":false},"excerpt":{"rendered":"<p>Recommandations \/ Ressources Parce que la vie n\u2019est que mouvement et remplie de belles rencontres qui nous font grandir, voici une liste de diff\u00e9rents th\u00e9rapeutes que j\u2019ai eu l\u2019immense chance de croiser sur mon chemin de vie. Ces personnes sont bienveillantes et riches dans ce qu\u2019elles transmettent en termes : d\u2019humanit\u00e9 de professionnalisme, d\u2019ouverture du [&hellip;]<\/p>\n","protected":false},"author":1,"featured_media":0,"parent":0,"menu_order":0,"comment_status":"closed","ping_status":"closed","template":"","meta":{"footnotes":""},"class_list":["post-3281","page","type-page","status-publish","hentry"],"_links":{"self":[{"href":"https:\/\/enfanceetbiennaitre.fr\/index.php\/wp-json\/wp\/v2\/pages\/3281","targetHints":{"allow":["GET"]}}],"collection":[{"href":"https:\/\/enfanceetbiennaitre.fr\/index.php\/wp-json\/wp\/v2\/pages"}],"about":[{"href":"https:\/\/enfanceetbiennaitre.fr\/index.php\/wp-json\/wp\/v2\/types\/page"}],"author":[{"embeddable":true,"href":"https:\/\/enfanceetbiennaitre.fr\/index.php\/wp-json\/wp\/v2\/users\/1"}],"replies":[{"embeddable":true,"href":"https:\/\/enfanceetbiennaitre.fr\/index.php\/wp-json\/wp\/v2\/comments?post=3281"}],"version-history":[{"count":31,"href":"https:\/\/enfanceetbiennaitre.fr\/index.php\/wp-json\/wp\/v2\/pages\/3281\/revisions"}],"predecessor-version":[{"id":6062,"href":"https:\/\/enfanceetbiennaitre.fr\/index.php\/wp-json\/wp\/v2\/pages\/3281\/revisions\/6062"}],"wp:attachment":[{"href":"https:\/\/enfanceetbiennaitre.fr\/index.php\/wp-json\/wp\/v2\/media?parent=3281"}],"curies":[{"name":"wp","href":"https:\/\/api.w.org\/{rel}","templated":true}]}}